{"id":173,"date":"2024-07-24T10:00:39","date_gmt":"2024-07-24T08:00:39","guid":{"rendered":"https:\/\/cirppa.fr\/?page_id=173"},"modified":"2025-06-05T15:44:34","modified_gmt":"2025-06-05T13:44:34","slug":"psychodrame-et-travail-sur-la-dynamique-groupale","status":"publish","type":"page","link":"https:\/\/cirppa.org\/index.php\/psychodrame-et-travail-sur-la-dynamique-groupale\/","title":{"rendered":"Psychodrame et travail sur la dynamique groupale"},"content":{"rendered":"<p>[et_pb_section fb_built=\u00a0\u00bb1&Prime; _builder_version=\u00a0\u00bb4.23&Prime; _module_preset=\u00a0\u00bbdefault\u00a0\u00bb custom_padding=\u00a0\u00bb12px|||||\u00a0\u00bb global_colors_info=\u00a0\u00bb{}\u00a0\u00bb][et_pb_row column_structure=\u00a0\u00bb1_4,1_2,1_4&Prime; _builder_version=\u00a0\u00bb4.23&Prime; _module_preset=\u00a0\u00bbdefault\u00a0\u00bb global_colors_info=\u00a0\u00bb{}\u00a0\u00bb][et_pb_column type=\u00a0\u00bb1_4&Prime; _builder_version=\u00a0\u00bb4.23&Prime; _module_preset=\u00a0\u00bbdefault\u00a0\u00bb global_colors_info=\u00a0\u00bb{}\u00a0\u00bb][et_pb_divider show_divider=\u00a0\u00bboff\u00a0\u00bb _builder_version=\u00a0\u00bb4.23&Prime; _module_preset=\u00a0\u00bbdefault\u00a0\u00bb global_colors_info=\u00a0\u00bb{}\u00a0\u00bb][\/et_pb_divider][et_pb_text _builder_version=\u00a0\u00bb4.24.0&Prime; _module_preset=\u00a0\u00bbdefault\u00a0\u00bb global_colors_info=\u00a0\u00bb{}\u00a0\u00bb]<\/p>\n<div class=\"moduletable\">\n<h3><span class=\"backh\"><span class=\"backh2\"><span class=\"backh3\">Interventions en Institution<\/span><\/span><\/span><\/h3>\n<ul class=\"menu\">\n<li class=\"item-565\"><a href=\"https:\/\/cirppa.org\/index.php\/stage-initiation-a-lanimation-de-groupes-therapeutiques-denfants\/\">Initiation \u00e0 l&rsquo;animation de groupes th\u00e9rapeutiques d&rsquo;enfants<\/a><\/li>\n<li class=\"item-478\"><a href=\"https:\/\/cirppa.org\/index.php\/stage-le-travail-therapeutique-en-groupe-replace-dans-son-contexte-institutionnel\/\">Le travail th\u00e9rapeutique en groupe replac\u00e9 dans son contexte institutionnel<\/a><\/li>\n<li class=\"item-482\"><a href=\"https:\/\/cirppa.org\/index.php\/stage-reflexion-sur-les-phenomenes-institutionnels\/\">R\u00e9flexion sur les ph\u00e9nom\u00e8nes institutionnels<\/a><\/li>\n<\/ul>\n<\/div>\n<div class=\"moduletable\">\n<h3><span class=\"backh\"><span class=\"backh2\"><span class=\"backh3\">Stages personnels<\/span><\/span><\/span><\/h3>\n<ul class=\"menu\">\n<li class=\"item-476\"><a href=\"https:\/\/cirppa.org\/index.php\/action-therapeutique-groupe\/\">L&rsquo;action th\u00e9rapeutique en groupe<\/a><\/li>\n<li class=\"item-475\"><a href=\"https:\/\/cirppa.org\/index.php\/psychodrame-enfant\/\">Psychoth\u00e9rapies de groupes et psychodrames d&rsquo;enfants<\/a><\/li>\n<li class=\"item-483\"><a href=\"https:\/\/cirppa.org\/index.php\/stage-psychotherapies-de-groupe-a-ladolescence\/\">Psychoth\u00e9rapies de groupe \u00e0 l&rsquo;adolescence<\/a><\/li>\n<li class=\"item-484\"><a href=\"https:\/\/cirppa.org\/index.php\/stage-groupe-et-troubles-du-comportement\/\">Groupe et troubles du comportement<\/a><\/li>\n<li class=\"item-485\"><a href=\"https:\/\/cirppa.org\/index.php\/mediations-et-groupes-therapeutiques\/\">M\u00e9diations et groupes th\u00e9rapeutiques<\/a><\/li>\n<li class=\"item-488\"><a href=\"https:\/\/cirppa.org\/index.php\/psychodrame-et-travail-sur-la-dynamique-groupale\/\">Psychodrame et travail sur la dynamique groupale<\/a><\/li>\n<li class=\"item-489\"><a href=\"https:\/\/cirppa.org\/index.php\/groupe-et-autisme\/\">Groupe et autisme<\/a><\/li>\n<li class=\"item-474\"><a href=\"https:\/\/cirppa.org\/index.php\/sensibilisation-personnelle-a-la-dynamique-des-groupes\/\">Sensibilisation personnelle \u00e0 la dynamique des groupes<\/a><\/li>\n<li><a href=\"https:\/\/cirppa.org\/index.php\/sensibilisation-au-psychodrame\/\">Sensibilisation au psychodrame<\/a><\/li>\n<\/ul>\n<\/div>\n<p>[\/et_pb_text][\/et_pb_column][et_pb_column type=\u00a0\u00bb1_2&Prime; _builder_version=\u00a0\u00bb4.23&Prime; _module_preset=\u00a0\u00bbdefault\u00a0\u00bb global_colors_info=\u00a0\u00bb{}\u00a0\u00bb][et_pb_text _builder_version=\u00a0\u00bb4.24.0&Prime; _module_preset=\u00a0\u00bbdefault\u00a0\u00bb text_orientation=\u00a0\u00bbjustified\u00a0\u00bb global_colors_info=\u00a0\u00bb{}\u00a0\u00bb]<\/p>\n<h2 style=\"text-align: center;\">Stage &#8211; Psychodrame et travail sur la dynamique groupale<\/h2>\n<p><strong>PUBLIC CONCERNE<\/strong><\/p>\n<p>Cette formation s&rsquo;adresse \u00e0 toutes les personnes confront\u00e9es \u00e0 des situations de groupe dans leur activit\u00e9 professionnelle\u00a0: m\u00e9decins, psychiatres, psychologues, \u00e9ducateurs, infirmiers, orthophonistes, psychomotriciens travaillant avec des groupes en h\u00f4pitaux de jour, CATTP, USIS, CMP, CMPP, IMP et autres structures du secteur p\u00e9dopsychiatrique et associatif.<\/p>\n<p><strong>OBJECTIFS<\/strong><\/p>\n<p>Elle a pour objectif d\u2019amener les stagiaires \u00e0 \u00e9laborer de nouveaux cadres dispositifs pour les groupes psychoth\u00e9rapeutiques d\u2019enfants mis ou \u00e0 mettre en place dans leurs institutions.<\/p>\n<p>Il s\u2019agit d\u2019une acquisition ou d\u2019un perfectionnement de comp\u00e9tences professionnelles en vue de parfaire la qualification et d\u2019assurer des responsabilit\u00e9s accrues (dans le domaine des psychoth\u00e9rapies de groupes d\u2019enfants) alliant n\u00e9cessairement savoir et savoir-faire.<\/p>\n<p><strong>CONTENU PEDAGOGIQUE<\/strong><\/p>\n<p>cette session de deux jours \u00a0offre aux participants la possibilit\u00e9 de se sensibiliser en l&rsquo;exp\u00e9rimentant \u00e0 la situation de groupe et au psychodrame. Cette formation comportera des apports th\u00e9oriques et cliniques ainsi que des mises en situation pour une approche plus pratique n\u00e9cessitant une implication personnelle.<\/p>\n<p><strong>PROGRAMME<\/strong><\/p>\n<p><strong>1<sup>\u00e8re<\/sup>\u00a0Journ\u00e9e\u00a0:<\/strong><\/p>\n<p><strong>Introduction<\/strong><\/p>\n<p>Historique\u00a0: du psychodrame de Moreno au psychodrame psychanalytique<\/p>\n<p><strong>I\/ Les psychodrames<\/strong><\/p>\n<p>Individuel<\/p>\n<p>Individuel en groupe<\/p>\n<p>De groupe<\/p>\n<p><strong>II\/ Mise en situation<\/strong><\/p>\n<p>Les diff\u00e9rentes pratiques groupales<\/p>\n<p>La question de la monoth\u00e9rapie<\/p>\n<p>&nbsp;<\/p>\n<p><strong>2<sup>\u00e8me<\/sup>\u00a0Journ\u00e9e\u00a0:<\/strong><\/p>\n<p><strong>III\/ Groupe de Parole<\/strong><\/p>\n<p>A partir des \u00e9ventuelles questions suscit\u00e9es la veille<\/p>\n<p><strong>IV\/ Psychodrame de groupe<\/strong><\/p>\n<p>Mise en pratique<\/p>\n<p><strong>METHODOLOGIE\u00a0<\/strong><\/p>\n<p>Alternance\u00a0d\u2019expos\u00e9s th\u00e9orico-cliniques,\u00a0d\u2019\u00e9changes cliniques avec les stagiaires, et\u00a0de mise en situation de groupe de parole et de psychodrame.<\/p>\n<p><strong>FORMATRICE<\/strong><\/p>\n<p>Blandine GUETTIER<\/p>\n<p>[\/et_pb_text][\/et_pb_column][et_pb_column type=\u00a0\u00bb1_4&Prime; _builder_version=\u00a0\u00bb4.23&Prime; _module_preset=\u00a0\u00bbdefault\u00a0\u00bb global_colors_info=\u00a0\u00bb{}\u00a0\u00bb][et_pb_divider show_divider=\u00a0\u00bboff\u00a0\u00bb _builder_version=\u00a0\u00bb4.23&Prime; _module_preset=\u00a0\u00bbdefault\u00a0\u00bb global_colors_info=\u00a0\u00bb{}\u00a0\u00bb][\/et_pb_divider][et_pb_text _builder_version=\u00a0\u00bb4.24.0&Prime; _module_preset=\u00a0\u00bbdefault\u00a0\u00bb custom_padding=\u00a0\u00bb||4px|||\u00a0\u00bb global_colors_info=\u00a0\u00bb{}\u00a0\u00bb]<\/p>\n<div id=\"all\">\n<div id=\"back\">\n<div id=\"contentarea\">\n<div id=\"wrapper2\">\n<div id=\"main\" role=\"main\">\n<div class=\"item-page\">\n<h3>Lieu, date et tarif<\/h3>\n<p><strong>Lieu<\/strong><span style=\"font-size: 14px; color: #666666;\"> : <span style=\"color: #333333;\">Paris<\/span>\u00a0<\/span><\/p>\n<p>12 heures sur deux jours<br \/>9h30-12h30 puis 14h-17h (repas libre)<\/p>\n<p><strong>Dates 2025<\/strong>\u00a0: <i>28 et 29 Novembre<\/i><\/p>\n<p><i><strong>Dates 2026<\/strong> : 11 et 12 D\u00e9cembre<\/i><\/p>\n<p><strong>Tarif<\/strong> : 650 \u20ac<\/p>\n<p>&nbsp;<\/p>\n<p>Pour vous inscrire, vous trouverez le bulletin d&rsquo;inscription en premi\u00e8re page de l&rsquo;institut de formation.<\/p>\n<\/div>\n<\/div>\n<\/div>\n<\/div>\n<\/div>\n<\/div>\n<p>[\/et_pb_text][\/et_pb_column][\/et_pb_row][\/et_pb_section]<\/p>\n","protected":false},"excerpt":{"rendered":"<p>Interventions en Institution Initiation \u00e0 l&rsquo;animation de groupes th\u00e9rapeutiques d&rsquo;enfants Le travail th\u00e9rapeutique en groupe replac\u00e9 dans son contexte institutionnel R\u00e9flexion sur les ph\u00e9nom\u00e8nes institutionnels Stages personnels L&rsquo;action th\u00e9rapeutique en groupe Psychoth\u00e9rapies de groupes et psychodrames d&rsquo;enfants Psychoth\u00e9rapies de groupe \u00e0 l&rsquo;adolescence Groupe et troubles du comportement M\u00e9diations et groupes th\u00e9rapeutiques Psychodrame et travail sur [&hellip;]<\/p>\n","protected":false},"author":2,"featured_media":0,"parent":0,"menu_order":0,"comment_status":"closed","ping_status":"closed","template":"","meta":{"_et_pb_use_builder":"on","_et_pb_old_content":"","_et_gb_content_width":"","footnotes":""},"class_list":["post-173","page","type-page","status-publish","hentry"],"_links":{"self":[{"href":"https:\/\/cirppa.org\/index.php\/wp-json\/wp\/v2\/pages\/173","targetHints":{"allow":["GET"]}}],"collection":[{"href":"https:\/\/cirppa.org\/index.php\/wp-json\/wp\/v2\/pages"}],"about":[{"href":"https:\/\/cirppa.org\/index.php\/wp-json\/wp\/v2\/types\/page"}],"author":[{"embeddable":true,"href":"https:\/\/cirppa.org\/index.php\/wp-json\/wp\/v2\/users\/2"}],"replies":[{"embeddable":true,"href":"https:\/\/cirppa.org\/index.php\/wp-json\/wp\/v2\/comments?post=173"}],"version-history":[{"count":9,"href":"https:\/\/cirppa.org\/index.php\/wp-json\/wp\/v2\/pages\/173\/revisions"}],"predecessor-version":[{"id":1292,"href":"https:\/\/cirppa.org\/index.php\/wp-json\/wp\/v2\/pages\/173\/revisions\/1292"}],"wp:attachment":[{"href":"https:\/\/cirppa.org\/index.php\/wp-json\/wp\/v2\/media?parent=173"}],"curies":[{"name":"wp","href":"https:\/\/api.w.org\/{rel}","templated":true}]}}