{"id":177,"date":"2023-10-23T12:01:32","date_gmt":"2023-10-23T10:01:32","guid":{"rendered":"https:\/\/cirppa.fr\/?page_id=177"},"modified":"2026-03-26T15:21:49","modified_gmt":"2026-03-26T14:21:49","slug":"sensibilisation-personnelle-a-la-dynamique-des-groupes","status":"publish","type":"page","link":"https:\/\/cirppa.org\/index.php\/sensibilisation-personnelle-a-la-dynamique-des-groupes\/","title":{"rendered":"Sensibilisation personnelle \u00e0 la dynamique des groupes"},"content":{"rendered":"<p>[et_pb_section fb_built=\u00a0\u00bb1&Prime; _builder_version=\u00a0\u00bb4.23&Prime; _module_preset=\u00a0\u00bbdefault\u00a0\u00bb custom_padding=\u00a0\u00bb12px|||||\u00a0\u00bb global_colors_info=\u00a0\u00bb{}\u00a0\u00bb][et_pb_row column_structure=\u00a0\u00bb1_4,1_2,1_4&Prime; _builder_version=\u00a0\u00bb4.23&Prime; _module_preset=\u00a0\u00bbdefault\u00a0\u00bb global_colors_info=\u00a0\u00bb{}\u00a0\u00bb][et_pb_column type=\u00a0\u00bb1_4&Prime; _builder_version=\u00a0\u00bb4.23&Prime; _module_preset=\u00a0\u00bbdefault\u00a0\u00bb global_colors_info=\u00a0\u00bb{}\u00a0\u00bb][et_pb_divider show_divider=\u00a0\u00bboff\u00a0\u00bb _builder_version=\u00a0\u00bb4.23&Prime; _module_preset=\u00a0\u00bbdefault\u00a0\u00bb global_colors_info=\u00a0\u00bb{}\u00a0\u00bb][\/et_pb_divider][et_pb_text _builder_version=\u00a0\u00bb4.23&Prime; _module_preset=\u00a0\u00bbdefault\u00a0\u00bb global_colors_info=\u00a0\u00bb{}\u00a0\u00bb]<\/p>\n<div class=\"moduletable\">\n<h3><span class=\"backh\"><span class=\"backh2\"><span class=\"backh3\">Interventions en Institution<\/span><\/span><\/span><\/h3>\n<ul class=\"menu\">\n<li class=\"item-565\"><a href=\"https:\/\/cirppa.org\/index.php\/stage-initiation-a-lanimation-de-groupes-therapeutiques-denfants\/\">Initiation \u00e0 l&rsquo;animation de groupes th\u00e9rapeutiques d&rsquo;enfants<\/a><\/li>\n<li class=\"item-478\"><a href=\"https:\/\/cirppa.org\/index.php\/stage-le-travail-therapeutique-en-groupe-replace-dans-son-contexte-institutionnel\/\">Le travail th\u00e9rapeutique en groupe replac\u00e9 dans son contexte institutionnel<\/a><\/li>\n<li class=\"item-482\"><a href=\"https:\/\/cirppa.org\/index.php\/stage-reflexion-sur-les-phenomenes-institutionnels\/\">R\u00e9flexion sur les ph\u00e9nom\u00e8nes institutionnels<\/a><\/li>\n<\/ul>\n<\/div>\n<div class=\"moduletable\">\n<h3><span class=\"backh\"><span class=\"backh2\"><span class=\"backh3\">Stages personnels<\/span><\/span><\/span><\/h3>\n<ul class=\"menu\">\n<li class=\"item-476\"><a href=\"https:\/\/cirppa.org\/index.php\/action-therapeutique-groupe\/\">L&rsquo;action th\u00e9rapeutique en groupe<\/a><\/li>\n<li class=\"item-475\"><a href=\"https:\/\/cirppa.org\/index.php\/psychodrame-enfant\/\">Psychoth\u00e9rapies de groupes et psychodrames d&rsquo;enfants<\/a><\/li>\n<li class=\"item-483\"><a href=\"https:\/\/cirppa.org\/index.php\/stage-psychotherapies-de-groupe-a-ladolescence\/\">Psychoth\u00e9rapies de groupe \u00e0 l&rsquo;adolescence<\/a><\/li>\n<li class=\"item-484\"><a href=\"https:\/\/cirppa.org\/index.php\/stage-groupe-et-troubles-du-comportement\/\">Groupe et troubles du comportement<\/a><\/li>\n<li class=\"item-485\"><a href=\"https:\/\/cirppa.org\/index.php\/mediations-et-groupes-therapeutiques\/\">M\u00e9diations et groupes th\u00e9rapeutiques<\/a><\/li>\n<li class=\"item-488\"><a href=\"https:\/\/cirppa.org\/index.php\/psychodrame-et-travail-sur-la-dynamique-groupale\/\">Psychodrame et travail sur la dynamique groupale<\/a><\/li>\n<li class=\"item-489\"><a href=\"https:\/\/cirppa.org\/index.php\/groupe-et-autisme\/\">Groupe et autisme<\/a><\/li>\n<li class=\"item-474\"><a href=\"https:\/\/cirppa.org\/index.php\/sensibilisation-personnelle-a-la-dynamique-des-groupes\/\">Sensibilisation personnelle \u00e0 la dynamique des groupes<\/a><\/li>\n<li><a href=\"https:\/\/cirppa.org\/index.php\/sensibilisation-au-psychodrame\/\">Sensibilisation au psychodrame<\/a><\/li>\n<\/ul>\n<\/div>\n<p>[\/et_pb_text][\/et_pb_column][et_pb_column type=\u00a0\u00bb1_2&Prime; _builder_version=\u00a0\u00bb4.23&Prime; _module_preset=\u00a0\u00bbdefault\u00a0\u00bb global_colors_info=\u00a0\u00bb{}\u00a0\u00bb][et_pb_text _builder_version=\u00a0\u00bb4.23&Prime; _module_preset=\u00a0\u00bbdefault\u00a0\u00bb text_orientation=\u00a0\u00bbjustified\u00a0\u00bb global_colors_info=\u00a0\u00bb{}\u00a0\u00bb]<\/p>\n<h2 style=\"text-align: center;\">Sensibilisation personnelle \u00e0 la dynamique des groupes<\/h2>\n<p><strong>Expression verbale et psychodrame<\/strong><\/p>\n<p><strong>PUBLIC CONCERN\u00c9<\/strong><\/p>\n<p>Formation ouverte \u00e0 toute personne d\u00e9sirant vivre une exp\u00e9rience en groupe. Ce module contitue\u00a0\u00a0une entr\u00e9e incontournable et obligatoire pour les\u00a0deux formations suivantes : Psychoth\u00e9rapies de groupes et Psychodrames d&rsquo;enfants et L&rsquo;Action Th\u00e9rapeutique en groupe.<\/p>\n<p>Pour ces deux formations, les Publics concern\u00e9s et les Pr\u00e9-requis sont sp\u00e9cifi\u00e9s par ailleurs.<\/p>\n<p><strong>PR\u00c9-REQUIS<\/strong><\/p>\n<p>L&rsquo;inscription est soumise \u00e0 un entretien pr\u00e9alable, destin\u00e9 \u00e0 \u00e9valuer les motivation de la personne.<\/p>\n<p><strong><span class=\"def\">FINALITES ET OBJECTIFS<\/span><\/strong><\/p>\n<p>Cette formation permet au stagiaire d&rsquo;interroger son lien aux autres et aux institutions \u00e0 partir de questions personnelles et professionnelles. Il s&rsquo;agit d&rsquo;une exp\u00e9rience \u00e0 vivre dont l&rsquo;analyse constante du d\u00e9roulement \u00e9claire la relation \u00e0 soi-m\u00eame, celle des participants entre eux, ainsi que les ph\u00e9nom\u00e8nes de groupe<\/p>\n<p><strong>M\u00c9THODOLOGIE<\/strong><\/p>\n<p>&#8211; Mise en situation en petits groupes de dynamique de groupe et Psychodrame<\/p>\n<p><strong>CONTENU P\u00c9DAGOGIQUE<\/strong><\/p>\n<p>La participation des stagiaires \u00e0 un travail commun en groupe est con\u00e7ue pour les \u00a0amener\u00a0\u00e0 exp\u00e9rimenter et appr\u00e9hender les principaux ph\u00e9nom\u00e8nes groupaux\u00a0pour\u00a0les mettre en lien avec les concepts de base de la psychoth\u00e9rapie de groupe.\u00a0<\/p>\n<p><span class=\"def\">Le\u00a0dispositif groupal propos\u00e9 permet d&rsquo;envisager les processus qui s&rsquo;y d\u00e9roulent dans leur dimension inconsciente ainsi que leur \u00e9laboration dans une perspective psychanalytique.<\/span><\/p>\n<p><span>Cette formation est propos\u00e9e ind\u00e9pendamment du cursus \u00ab\u00a0Psychoth\u00e9rapies de groupes et psychodrames d&rsquo;enfants\u00a0\u00bb et \u00ab\u00a0L&rsquo;action th\u00e9rapeutique en groupe\u00a0\u00bb, mais\u00a0doit aussi en \u00eatre une premi\u00e8re \u00e9tape.<\/span><\/p>\n<p>[\/et_pb_text][\/et_pb_column][et_pb_column type=\u00a0\u00bb1_4&Prime; _builder_version=\u00a0\u00bb4.23&Prime; _module_preset=\u00a0\u00bbdefault\u00a0\u00bb global_colors_info=\u00a0\u00bb{}\u00a0\u00bb][et_pb_divider show_divider=\u00a0\u00bboff\u00a0\u00bb _builder_version=\u00a0\u00bb4.23&Prime; _module_preset=\u00a0\u00bbdefault\u00a0\u00bb global_colors_info=\u00a0\u00bb{}\u00a0\u00bb][\/et_pb_divider][et_pb_text _builder_version=\u00a0\u00bb4.27.4&Prime; _module_preset=\u00a0\u00bbdefault\u00a0\u00bb global_colors_info=\u00a0\u00bb{}\u00a0\u00bb]<\/p>\n<div id=\"all\">\n<div id=\"back\">\n<div id=\"contentarea\">\n<div id=\"wrapper2\">\n<div id=\"main\" role=\"main\">\n<div class=\"item-page\">\n<h3><span class=\"backh\"><span class=\"backh2\"><span class=\"backh3\">Lieu et tarifs <\/span><\/span><\/span><\/h3>\n<p>Une ann\u00e9e en 54 heures, de mars \u00e0 septembre.<\/p>\n<p><strong>Lieu<\/strong> : Paris<\/p>\n<p><strong>Tarif<\/strong> : 1 600 \u20ac<\/p>\n<p>Tarif \u00e9tudiant (sur pr\u00e9sentation de carte) : Contacter directement le secr\u00e9tariat<\/p>\n<p><strong>Possibilit\u00e9 de financement individuel personnalis\u00e9<\/strong><\/p>\n<\/div>\n<\/div>\n<\/div>\n<\/div>\n<\/div>\n<\/div>\n<div id=\"footer-outer\">\n<div id=\"footer-sub\">\n<div id=\"footer\"><\/div>\n<\/div>\n<\/div>\n<p>[\/et_pb_text][et_pb_text _builder_version=\u00a0\u00bb4.27.4&Prime; _module_preset=\u00a0\u00bbdefault\u00a0\u00bb custom_padding=\u00a0\u00bb7px|||||\u00a0\u00bb global_colors_info=\u00a0\u00bb{}\u00a0\u00bb]<\/p>\n<div id=\"all\">\n<div id=\"back\">\n<div id=\"contentarea\">\n<div id=\"wrapper2\">\n<div id=\"main\" role=\"main\">\n<div class=\"item-page\">\n<h3><span class=\"backh\"><span class=\"backh2\"><span class=\"backh3\">Dates 2026<\/span><\/span><\/span><\/h3>\n<\/div>\n<\/div>\n<\/div>\n<\/div>\n<\/div>\n<\/div>\n<div id=\"footer-outer\">\n<ul>\n<li>10-11-12 avril<\/li>\n<li>12-13-14 juin<\/li>\n<li>4-5-6 septembre<\/li>\n<\/ul>\n<p>&nbsp;<\/p>\n<p>Pour vous inscrire, vous trouverez le bulletin d&rsquo;inscription en premi\u00e8re page de l&rsquo;institut de formation.<\/p>\n<\/div>\n<p>[\/et_pb_text][et_pb_text _builder_version=\u00a0\u00bb4.27.4&Prime; _module_preset=\u00a0\u00bbdefault\u00a0\u00bb custom_padding=\u00a0\u00bb7px|||||\u00a0\u00bb global_colors_info=\u00a0\u00bb{}\u00a0\u00bb]<\/p>\n<div id=\"all\">\n<div id=\"back\">\n<div id=\"contentarea\">\n<div id=\"wrapper2\">\n<div id=\"main\" role=\"main\">\n<div class=\"item-page\">\n<h3><span class=\"backh\"><span class=\"backh2\"><span class=\"backh3\">Dates 2026<\/span><\/span><\/span><\/h3>\n<\/div>\n<\/div>\n<\/div>\n<\/div>\n<\/div>\n<\/div>\n<div id=\"footer-outer\">\n<ul>\n<li>27-28-29 mars<\/li>\n<li>12-13-14 juin<\/li>\n<li>4-5-6 septembre<\/li>\n<\/ul>\n<p>&nbsp;<\/p>\n<p>Pour vous inscrire, vous trouverez le bulletin d&rsquo;inscription en premi\u00e8re page de l&rsquo;institut de formation.<\/p>\n<\/div>\n<p>[\/et_pb_text][\/et_pb_column][\/et_pb_row][\/et_pb_section]<\/p>\n","protected":false},"excerpt":{"rendered":"<p>Interventions en Institution Initiation \u00e0 l&rsquo;animation de groupes th\u00e9rapeutiques d&rsquo;enfants Le travail th\u00e9rapeutique en groupe replac\u00e9 dans son contexte institutionnel R\u00e9flexion sur les ph\u00e9nom\u00e8nes institutionnels Stages personnels L&rsquo;action th\u00e9rapeutique en groupe Psychoth\u00e9rapies de groupes et psychodrames d&rsquo;enfants Psychoth\u00e9rapies de groupe \u00e0 l&rsquo;adolescence Groupe et troubles du comportement M\u00e9diations et groupes th\u00e9rapeutiques Psychodrame et travail sur [&hellip;]<\/p>\n","protected":false},"author":2,"featured_media":0,"parent":0,"menu_order":0,"comment_status":"closed","ping_status":"closed","template":"","meta":{"_et_pb_use_builder":"on","_et_pb_old_content":"","_et_gb_content_width":"","footnotes":""},"class_list":["post-177","page","type-page","status-publish","hentry"],"_links":{"self":[{"href":"https:\/\/cirppa.org\/index.php\/wp-json\/wp\/v2\/pages\/177","targetHints":{"allow":["GET"]}}],"collection":[{"href":"https:\/\/cirppa.org\/index.php\/wp-json\/wp\/v2\/pages"}],"about":[{"href":"https:\/\/cirppa.org\/index.php\/wp-json\/wp\/v2\/types\/page"}],"author":[{"embeddable":true,"href":"https:\/\/cirppa.org\/index.php\/wp-json\/wp\/v2\/users\/2"}],"replies":[{"embeddable":true,"href":"https:\/\/cirppa.org\/index.php\/wp-json\/wp\/v2\/comments?post=177"}],"version-history":[{"count":13,"href":"https:\/\/cirppa.org\/index.php\/wp-json\/wp\/v2\/pages\/177\/revisions"}],"predecessor-version":[{"id":1364,"href":"https:\/\/cirppa.org\/index.php\/wp-json\/wp\/v2\/pages\/177\/revisions\/1364"}],"wp:attachment":[{"href":"https:\/\/cirppa.org\/index.php\/wp-json\/wp\/v2\/media?parent=177"}],"curies":[{"name":"wp","href":"https:\/\/api.w.org\/{rel}","templated":true}]}}