{"id":2,"date":"2023-09-29T14:31:18","date_gmt":"2023-09-29T12:31:18","guid":{"rendered":"http:\/\/cirppa.fr\/?page_id=2"},"modified":"2025-09-11T14:25:34","modified_gmt":"2025-09-11T12:25:34","slug":"home","status":"publish","type":"page","link":"https:\/\/cirppa.org\/","title":{"rendered":"Accueil"},"content":{"rendered":"<p>[et_pb_section fb_built=\u00a0\u00bb1&Prime; _builder_version=\u00a0\u00bb4.22.2&Prime; _module_preset=\u00a0\u00bbdefault\u00a0\u00bb custom_padding=\u00a0\u00bb14px||12px|||\u00a0\u00bb global_colors_info=\u00a0\u00bb{}\u00a0\u00bb][et_pb_row column_structure=\u00a0\u00bb1_2,1_2&Prime; _builder_version=\u00a0\u00bb4.22.2&Prime; _module_preset=\u00a0\u00bbdefault\u00a0\u00bb custom_padding=\u00a0\u00bb6px||11px|||\u00a0\u00bb global_colors_info=\u00a0\u00bb{}\u00a0\u00bb][et_pb_column type=\u00a0\u00bb1_2&Prime; _builder_version=\u00a0\u00bb4.22.2&Prime; _module_preset=\u00a0\u00bbdefault\u00a0\u00bb global_colors_info=\u00a0\u00bb{}\u00a0\u00bb][et_pb_text _builder_version=\u00a0\u00bb4.24.0&Prime; _module_preset=\u00a0\u00bbdefault\u00a0\u00bb global_colors_info=\u00a0\u00bb{}\u00a0\u00bb]<\/p>\n<div class=\"org-about-module-wrapper org-about-module__card-spacing\" tabindex=\"-1\" data-artdeco-is-focused=\"true\">\n<div class=\"org-about-module__description\">\n<div id=\"ember275\" class=\"ember-view organization-about-module__content-consistant-cards-description\" style=\"text-align: justify;\">\n<h3>Les origines de l\u2019association<\/h3>\n<p>L\u2019association de loi 1901 a \u00e9t\u00e9 fond\u00e9e le 13 Juillet 1982 par Pierre Privat, Jean Bernard Chapelier et un certain nombre de salari\u00e9s du CMPP d\u2019Auxerre avec de ce fait des liens \u00e9troits avec les PEP de L\u2019Yonne association gestionnaire du CMPP.\u00a0Son si\u00e8ge \u00e9tait dans l\u2019Yonne avec un si\u00e8ge social et un si\u00e8ge administratif au Moulin Brul\u00e9 et au CMPP.\u00a0 Son objectif \u00e9tait de mettre en place une structure permettant d&rsquo;enrichir la r\u00e9flexion sur le travail clinique (conf\u00e9rences, s\u00e9minaires, supervisions, interventions dans les institutions).<\/p>\n<\/div>\n<\/div>\n<\/div>\n<footer class=\"artdeco-card__actions\"><\/footer>\n<p>[\/et_pb_text][\/et_pb_column][et_pb_column type=\u00a0\u00bb1_2&Prime; _builder_version=\u00a0\u00bb4.22.2&Prime; _module_preset=\u00a0\u00bbdefault\u00a0\u00bb global_colors_info=\u00a0\u00bb{}\u00a0\u00bb][et_pb_text _builder_version=\u00a0\u00bb4.23&Prime; _module_preset=\u00a0\u00bbdefault\u00a0\u00bb custom_padding=\u00a0\u00bb||0px|||\u00a0\u00bb global_colors_info=\u00a0\u00bb{}\u00a0\u00bb]<\/p>\n<div class=\"org-about-module-wrapper org-about-module__card-spacing\" data-artdeco-is-focused=\"true\" tabindex=\"-1\">\n<div class=\"org-about-module__description\">\n<div id=\"ember275\" class=\"ember-view organization-about-module__content-consistant-cards-description\" style=\"text-align: justify;\">\n<p>&nbsp;<\/p>\n<p>En 1983, \u00e0 la suite des\u00a0 journ\u00e9es\u00a0 d\u2019\u00e9tude des CMPP adh\u00e9rents \u00e0 l\u2019ANCE\u00a0 de 1982 anim\u00e9es par le CMPP d\u2019Auxerre sur le th\u00e8me des groupes, et \u00e0 la demande de L\u2019ANCE, Pierre Privat et Jean Bernard Chapelier organisent avec le CIRPPA la premi\u00e8re formation\u00a0 aux groupes.<\/p>\n<p>&nbsp;<\/p>\n<\/div>\n<\/div>\n<\/div>\n<footer class=\"artdeco-card__actions\"><\/footer>\n<p>[\/et_pb_text][et_pb_button button_url=\u00a0\u00bbhttps:\/\/cirppa.org\/index.php\/institut-de-formation\/\u00a0\u00bb button_text=\u00a0\u00bbDates et tarifs  de nos formations\u00a0\u00bb button_alignment=\u00a0\u00bbright\u00a0\u00bb admin_label=\u00a0\u00bbBouton\u00a0\u00bb _builder_version=\u00a0\u00bb4.27.4&Prime; _module_preset=\u00a0\u00bbdefault\u00a0\u00bb custom_button=\u00a0\u00bbon\u00a0\u00bb button_text_size=\u00a0\u00bb14px\u00a0\u00bb button_text_color=\u00a0\u00bb#3F3F3F\u00a0\u00bb button_bg_color=\u00a0\u00bb#fedf60&Prime; button_border_width=\u00a0\u00bb1px\u00a0\u00bb button_border_color=\u00a0\u00bb#a3a3a3&Prime; button_border_radius=\u00a0\u00bb9px\u00a0\u00bb button_font=\u00a0\u00bb|600|||||||\u00a0\u00bb button_icon=\u00a0\u00bb&#x39;||divi||400&Prime; hover_enabled=\u00a0\u00bb0&Prime; global_colors_info=\u00a0\u00bb{}\u00a0\u00bb sticky_enabled=\u00a0\u00bb0&Prime;][\/et_pb_button][\/et_pb_column][\/et_pb_row][\/et_pb_section][et_pb_section fb_built=\u00a0\u00bb1&Prime; _builder_version=\u00a0\u00bb4.22.2&Prime; _module_preset=\u00a0\u00bbdefault\u00a0\u00bb custom_margin=\u00a0\u00bb-9px|||||\u00a0\u00bb custom_padding=\u00a0\u00bb11px||9px|||\u00a0\u00bb global_colors_info=\u00a0\u00bb{}\u00a0\u00bb][et_pb_row _builder_version=\u00a0\u00bb4.22.2&Prime; _module_preset=\u00a0\u00bbdefault\u00a0\u00bb custom_padding=\u00a0\u00bb6px||0px|||\u00a0\u00bb global_colors_info=\u00a0\u00bb{}\u00a0\u00bb][et_pb_column type=\u00a0\u00bb4_4&Prime; _builder_version=\u00a0\u00bb4.22.2&Prime; _module_preset=\u00a0\u00bbdefault\u00a0\u00bb global_colors_info=\u00a0\u00bb{}\u00a0\u00bb][et_pb_divider color=\u00a0\u00bbrgba(63,63,63,0.13)\u00a0\u00bb _builder_version=\u00a0\u00bb4.23&Prime; _module_preset=\u00a0\u00bbdefault\u00a0\u00bb global_colors_info=\u00a0\u00bb{}\u00a0\u00bb][\/et_pb_divider][\/et_pb_column][\/et_pb_row][et_pb_row column_structure=\u00a0\u00bb1_2,1_2&Prime; _builder_version=\u00a0\u00bb4.22.2&Prime; _module_preset=\u00a0\u00bbdefault\u00a0\u00bb custom_padding=\u00a0\u00bb6px|||||\u00a0\u00bb global_colors_info=\u00a0\u00bb{}\u00a0\u00bb][et_pb_column type=\u00a0\u00bb1_2&Prime; _builder_version=\u00a0\u00bb4.22.2&Prime; _module_preset=\u00a0\u00bbdefault\u00a0\u00bb global_colors_info=\u00a0\u00bb{}\u00a0\u00bb][et_pb_text _builder_version=\u00a0\u00bb4.23&Prime; _module_preset=\u00a0\u00bbdefault\u00a0\u00bb global_colors_info=\u00a0\u00bb{}\u00a0\u00bb]<\/p>\n<div class=\"org-about-module-wrapper org-about-module__card-spacing\" data-artdeco-is-focused=\"true\" tabindex=\"-1\">\n<div class=\"org-about-module__description\">\n<div id=\"ember275\" class=\"ember-view organization-about-module__content-consistant-cards-description\" style=\"text-align: justify;\">\n<h3>Aujourd&rsquo;hui<\/h3>\n<p>Bienvenue sur le site du CIRPPA ; retrouvez ici notre <a href=\"https:\/\/cirppa.org\/index.php\/actualites\/\">actualit\u00e9 la plus r\u00e9cente<\/a>.\u00a0Retrouvez l&rsquo;ensemble de nos formations, que ce soit \u00e0 travers nos <a href=\"https:\/\/cirppa.org\/index.php\/institut-de-formation\/\">interventions en institutions<\/a> ou dans le cadre de <a href=\"https:\/\/cirppa.org\/index.php\/institut-de-formation\/\">stages personnels<\/a>. D\u00e9couvrez \u00e9galement <a href=\"https:\/\/cirppa.org\/index.php\/equipe\/\">l&rsquo;ensemble de nos formateurs<\/a> et n&rsquo;h\u00e9sitez pas \u00e0 nous solliciter.\u00a0<\/p>\n<\/div>\n<\/div>\n<\/div>\n<footer class=\"artdeco-card__actions\"><\/footer>\n<p>[\/et_pb_text][\/et_pb_column][et_pb_column type=\u00a0\u00bb1_2&Prime; _builder_version=\u00a0\u00bb4.22.2&Prime; _module_preset=\u00a0\u00bbdefault\u00a0\u00bb global_colors_info=\u00a0\u00bb{}\u00a0\u00bb][et_pb_text _builder_version=\u00a0\u00bb4.23&Prime; _module_preset=\u00a0\u00bbdefault\u00a0\u00bb global_colors_info=\u00a0\u00bb{}\u00a0\u00bb]<\/p>\n<p style=\"text-align: justify;\">A ce jour, la recherche se poursuit, aussi bien au Centre Claude Bernard \u00e0 Paris que dans de nombreuses institutions, \u00e9tendue \u00e0 diff\u00e9rentes pathologies concernant non seulement les enfants \u00e0 l&rsquo;\u00e2ge de la latence, mais aussi les jeunes enfants, les adolescents et les adultes. Acc\u00e9dez, dans la rubrique <a href=\"https:\/\/cirppa.org\/\">Recherche<\/a> et <a href=\"https:\/\/cirppa.org\/\">publications<\/a> \u00e0 l&rsquo;ensemble des travaux men\u00e9s par les Groupe de travail \u00e0 Paris et \u00e0 Lyon, ainsi qu&rsquo;aux <a href=\"https:\/\/cirppa.org\/\">ouvrages<\/a> publi\u00e9s par notre \u00e9quipe de formateurs.<\/p>\n<p>&nbsp;<\/p>\n<p>[\/et_pb_text][\/et_pb_column][\/et_pb_row][\/et_pb_section]<\/p>\n","protected":false},"excerpt":{"rendered":"<p>Les origines de l\u2019association L\u2019association de loi 1901 a \u00e9t\u00e9 fond\u00e9e le 13 Juillet 1982 par Pierre Privat, Jean Bernard Chapelier et un certain nombre de salari\u00e9s du CMPP d\u2019Auxerre avec de ce fait des liens \u00e9troits avec les PEP de L\u2019Yonne association gestionnaire du CMPP.\u00a0Son si\u00e8ge \u00e9tait dans l\u2019Yonne avec un si\u00e8ge social et [&hellip;]<\/p>\n","protected":false},"author":2,"featured_media":0,"parent":0,"menu_order":0,"comment_status":"closed","ping_status":"closed","template":"","meta":{"_et_pb_use_builder":"on","_et_pb_old_content":"<!-- wp:paragraph -->\r\n<p>Ceci est une page d\u2019exemple. C\u2019est diff\u00e9rent d\u2019un article de blog parce qu\u2019elle restera au m\u00eame endroit et appara\u00eetra dans la navigation de votre site (dans la plupart des th\u00e8mes). La plupart des gens commencent par une page \u00ab\u00a0\u00c0 propos\u00a0\u00bb qui les pr\u00e9sente aux personnes visitant le site. Cela pourrait ressembler \u00e0 quelque chose comme cela\u00a0:<\/p>\r\n<!-- \/wp:paragraph -->\r\n\r\n<!-- wp:quote -->\r\n<blockquote class=\"wp-block-quote\"><!-- wp:paragraph -->\r\n<p>Bonjour\u00a0! Je suis un m\u00e9canicien qui aspire \u00e0 devenir acteur, et voici mon site. J\u2019habite \u00e0 Bordeaux, j\u2019ai un super chien baptis\u00e9 Russell, et j\u2019aime la vodka (ainsi qu\u2019\u00eatre surpris par la pluie soudaine lors de longues balades sur la plage au coucher du soleil).<\/p>\r\n<!-- \/wp:paragraph --><\/blockquote>\r\n<!-- \/wp:quote -->\r\n\r\n<!-- wp:paragraph -->\r\n<p>\u2026ou quelque chose comme cela\u00a0:<\/p>\r\n<!-- \/wp:paragraph -->\r\n\r\n<!-- wp:quote -->\r\n<blockquote class=\"wp-block-quote\"><!-- wp:paragraph -->\r\n<p>La soci\u00e9t\u00e9 123 Machin Truc a \u00e9t\u00e9 cr\u00e9\u00e9e en 1971, et n\u2019a cess\u00e9 de proposer au public des machins-trucs de qualit\u00e9 depuis lors. Situ\u00e9e \u00e0 Saint-Remy-en-Bouzemont-Saint-Genest-et-Isson, 123 Machin Truc emploie 2 000 personnes, et fabrique toutes sortes de bidules supers pour la communaut\u00e9 bouzemontoise.<\/p>\r\n<!-- \/wp:paragraph --><\/blockquote>\r\n<!-- \/wp:quote -->\r\n\r\n<!-- wp:paragraph -->\r\n<p>En tant que nouvel utilisateur ou utilisatrice de WordPress, vous devriez vous rendre sur <a href=\"http:\/\/cirppa.fr\/wp-admin\/\">votre tableau de bord<\/a> pour supprimer cette page et cr\u00e9er de nouvelles pages pour votre contenu. Amusez-vous bien\u00a0!<\/p>\r\n<!-- \/wp:paragraph -->","_et_gb_content_width":"","footnotes":""},"class_list":["post-2","page","type-page","status-publish","hentry"],"_links":{"self":[{"href":"https:\/\/cirppa.org\/index.php\/wp-json\/wp\/v2\/pages\/2","targetHints":{"allow":["GET"]}}],"collection":[{"href":"https:\/\/cirppa.org\/index.php\/wp-json\/wp\/v2\/pages"}],"about":[{"href":"https:\/\/cirppa.org\/index.php\/wp-json\/wp\/v2\/types\/page"}],"author":[{"embeddable":true,"href":"https:\/\/cirppa.org\/index.php\/wp-json\/wp\/v2\/users\/2"}],"replies":[{"embeddable":true,"href":"https:\/\/cirppa.org\/index.php\/wp-json\/wp\/v2\/comments?post=2"}],"version-history":[{"count":30,"href":"https:\/\/cirppa.org\/index.php\/wp-json\/wp\/v2\/pages\/2\/revisions"}],"predecessor-version":[{"id":1307,"href":"https:\/\/cirppa.org\/index.php\/wp-json\/wp\/v2\/pages\/2\/revisions\/1307"}],"wp:attachment":[{"href":"https:\/\/cirppa.org\/index.php\/wp-json\/wp\/v2\/media?parent=2"}],"curies":[{"name":"wp","href":"https:\/\/api.w.org\/{rel}","templated":true}]}}