{"id":294,"date":"2023-10-25T15:59:58","date_gmt":"2023-10-25T13:59:58","guid":{"rendered":"https:\/\/cirppa.fr\/?page_id=294"},"modified":"2023-11-29T18:19:38","modified_gmt":"2023-11-29T17:19:38","slug":"partenaires","status":"publish","type":"page","link":"https:\/\/cirppa.org\/index.php\/partenaires\/","title":{"rendered":"Partenaires"},"content":{"rendered":"<p>[et_pb_section fb_built=\u00a0\u00bb1&Prime; _builder_version=\u00a0\u00bb4.22.2&Prime; _module_preset=\u00a0\u00bbdefault\u00a0\u00bb custom_padding=\u00a0\u00bb11px|||||\u00a0\u00bb global_colors_info=\u00a0\u00bb{}\u00a0\u00bb][et_pb_row column_structure=\u00a0\u00bb1_5,3_5,1_5&Prime; _builder_version=\u00a0\u00bb4.22.2&Prime; _module_preset=\u00a0\u00bbdefault\u00a0\u00bb global_colors_info=\u00a0\u00bb{}\u00a0\u00bb][et_pb_column type=\u00a0\u00bb1_5&Prime; _builder_version=\u00a0\u00bb4.22.2&Prime; _module_preset=\u00a0\u00bbdefault\u00a0\u00bb global_colors_info=\u00a0\u00bb{}\u00a0\u00bb][\/et_pb_column][et_pb_column type=\u00a0\u00bb3_5&Prime; _builder_version=\u00a0\u00bb4.22.2&Prime; _module_preset=\u00a0\u00bbdefault\u00a0\u00bb global_colors_info=\u00a0\u00bb{}\u00a0\u00bb][et_pb_text _builder_version=\u00a0\u00bb4.23&Prime; _module_preset=\u00a0\u00bbdefault\u00a0\u00bb global_colors_info=\u00a0\u00bb{}\u00a0\u00bb]<\/p>\n<h2 style=\"text-align: center;\">Partenaires du CIRPPA<\/h2>\n<p>&nbsp;<\/p>\n<h3>Formation<\/h3>\n<p>Formation en Travail Groupal Analytique &#8211; <a href=\"https:\/\/www.travailgroupalanalytique.ch\/\" target=\"_blank\" rel=\"noopener\">Lien<\/a><br \/><a href=\"http:\/\/www.fapag.fr\/\"><\/a><a><\/a><a><\/a><a><\/a><\/p>\n<p>F\u00e9d\u00e9ration des associations de psychoth\u00e9rapie analytique de groupe &#8211; <a href=\"https:\/\/www.fapag1.com\/\" target=\"_blank\" rel=\"noopener\">Lien\u00a0<\/a><\/p>\n<p>Apsylien Online &#8211; <a href=\"https:\/\/apsylienonline.com\/\" target=\"_blank\" rel=\"noopener\">Lien<\/a>\u00a0<\/p>\n<hr \/>\n<h3>Psychanalyse<\/h3>\n<p>Oedipe.org &#8211; <a href=\"http:\/\/www.oedipe.org\/fr\/accueil\" target=\"_blank\" rel=\"noopener\">Lien<\/a><\/p>\n<hr \/>\n<h3>\u00c9diteurs<\/h3>\n<p>Edition Er\u00e8s &#8211;<a href=\"https:\/\/www.editions-eres.com\/\" target=\"_blank\" rel=\"noopener\">Lien<\/a><a href=\"http:\/\/www.edition-eres.com\/\" target=\"_blank\" rel=\"noopener\"><\/a><\/p>\n<p>Edition Dunod &#8211; <a href=\"https:\/\/www.dunod.com\/\" target=\"_blank\" rel=\"noopener\">Lien<\/a><a href=\"http:\/\/www.dunod.com\/\"><\/a><\/p>\n<p>La revue Adolescence &#8211; <a href=\"https:\/\/www.revueadolescence.fr\" target=\"_blank\" rel=\"noopener\">Lien<\/a>\u00a0<\/p>\n<hr \/>\n<h3>Associations<\/h3>\n<p>Syndicat National d&rsquo;Union des Psychomotriciens &#8211; <a href=\"http:\/\/snup.fr\" target=\"_blank\" rel=\"noopener\">Lien<\/a>\u00a0<\/p>\n<p>&nbsp;<\/p>\n<p>[\/et_pb_text][\/et_pb_column][et_pb_column type=\u00a0\u00bb1_5&Prime; _builder_version=\u00a0\u00bb4.22.2&Prime; _module_preset=\u00a0\u00bbdefault\u00a0\u00bb global_colors_info=\u00a0\u00bb{}\u00a0\u00bb][\/et_pb_column][\/et_pb_row][\/et_pb_section]<\/p>\n","protected":false},"excerpt":{"rendered":"<p>Partenaires du CIRPPA &nbsp; Formation Formation en Travail Groupal Analytique &#8211; Lien F\u00e9d\u00e9ration des associations de psychoth\u00e9rapie analytique de groupe &#8211; Lien\u00a0 Apsylien Online &#8211; Lien\u00a0 Psychanalyse Oedipe.org &#8211; Lien \u00c9diteurs Edition Er\u00e8s -Lien Edition Dunod &#8211; Lien La revue Adolescence &#8211; Lien\u00a0 Associations Syndicat National d&rsquo;Union des Psychomotriciens &#8211; Lien\u00a0 &nbsp;<\/p>\n","protected":false},"author":2,"featured_media":0,"parent":0,"menu_order":0,"comment_status":"closed","ping_status":"closed","template":"","meta":{"_et_pb_use_builder":"on","_et_pb_old_content":"","_et_gb_content_width":"","footnotes":""},"class_list":["post-294","page","type-page","status-publish","hentry"],"_links":{"self":[{"href":"https:\/\/cirppa.org\/index.php\/wp-json\/wp\/v2\/pages\/294","targetHints":{"allow":["GET"]}}],"collection":[{"href":"https:\/\/cirppa.org\/index.php\/wp-json\/wp\/v2\/pages"}],"about":[{"href":"https:\/\/cirppa.org\/index.php\/wp-json\/wp\/v2\/types\/page"}],"author":[{"embeddable":true,"href":"https:\/\/cirppa.org\/index.php\/wp-json\/wp\/v2\/users\/2"}],"replies":[{"embeddable":true,"href":"https:\/\/cirppa.org\/index.php\/wp-json\/wp\/v2\/comments?post=294"}],"version-history":[{"count":8,"href":"https:\/\/cirppa.org\/index.php\/wp-json\/wp\/v2\/pages\/294\/revisions"}],"predecessor-version":[{"id":666,"href":"https:\/\/cirppa.org\/index.php\/wp-json\/wp\/v2\/pages\/294\/revisions\/666"}],"wp:attachment":[{"href":"https:\/\/cirppa.org\/index.php\/wp-json\/wp\/v2\/media?parent=294"}],"curies":[{"name":"wp","href":"https:\/\/api.w.org\/{rel}","templated":true}]}}