{"id":385,"date":"2023-11-06T14:35:43","date_gmt":"2023-11-06T13:35:43","guid":{"rendered":"https:\/\/cirppa.fr\/?page_id=385"},"modified":"2024-02-09T20:51:36","modified_gmt":"2024-02-09T19:51:36","slug":"seminaire-paris","status":"publish","type":"page","link":"https:\/\/cirppa.org\/index.php\/seminaire-paris\/","title":{"rendered":"S\u00e9minaire Paris"},"content":{"rendered":"<p>                      \u00ab\u00a0Analyse des ph\u00e9nom\u00e8nes Transf\u00e9ro-contre-transf\u00e9rentiels et leurs implications dans le processus de sublimation.\u00a0\u00bb<\/p>\n<p> Au cours de ce s\u00e9minaire nous tenterons de faire des liens entre les ph\u00e9nom\u00e8nes transf\u00e9ro-contre-transf\u00e9rentiels  et la sublimation.<br \/>\n En particulier nous montrerons comment les ph\u00e9nom\u00e8nes contre-transf\u00e9rentiels , quand ils ne sont pas analys\u00e9s, engendrent un arr\u00eat de l&rsquo;\u00e9volution du groupe par  des actes r\u00e9p\u00e9titifs. En revanche lorsqu&rsquo;ils sont rep\u00e9r\u00e9s, le groupe \u00e9volue avec des m\u00e9canismes de sublimation qui rendent compte d&rsquo;une fa\u00e7on plus explicite et symbolis\u00e9e des ph\u00e9nom\u00e8nes qui apparaissent dans le groupe.<br \/>\nNous tenterons de sp\u00e9cifier cette probl\u00e9matique en nous demandant \u00e0 quel moment du groupe ce m\u00e9canisme complexe est le plus important. <\/p>\n<p>                              Le s\u00e9minaire se tiendra les samedis de 17h15 \u00e0 18h45:<br \/>\n                              Samedi 9 septembre 2023<br \/>\n                              Samedi 7 octobre 2023<br \/>\n                              Samedi 18 novembre 2023<br \/>\n                              Samedi 13 janvier  2024<br \/>\n                              Samedi 10 f\u00e9vrier 2024<br \/>\n                              Samedi 06 avril 2024<br \/>\n                              Samedi 18 mai 2024 <\/p>\n<p>                                                 AU CENTRE CLAUDE BERNARD 20 RUE LARREY 75005 PARIS<\/p>\n<p>                               Il est ouvert aux membres du CIRPPA. Nous r\u00e9affirmons l&rsquo;importance que chaque participant soit engag\u00e9 dans une pratique clinique.<br \/>\n                               Ce s\u00e9minaire \u00e9tant limit\u00e9 en nombre, chaque nouvelle demande de participation est \u00e0 adresser \u00e0 Jean -Bernard Chapelier ou Pierrette Laurent.<\/p>\n<p>                                                 (contact par mail: jbchap@wanadoo.fr  et  Pierrettelaurent@wanadoo.fr)   <\/p>\n","protected":false},"excerpt":{"rendered":"<p>\u00ab\u00a0Analyse des ph\u00e9nom\u00e8nes Transf\u00e9ro-contre-transf\u00e9rentiels et leurs implications dans le processus de sublimation.\u00a0\u00bb Au cours de ce s\u00e9minaire nous tenterons de faire des liens entre les ph\u00e9nom\u00e8nes transf\u00e9ro-contre-transf\u00e9rentiels et la sublimation. En particulier nous montrerons comment les ph\u00e9nom\u00e8nes contre-transf\u00e9rentiels , quand ils ne sont pas analys\u00e9s, engendrent un arr\u00eat de l&rsquo;\u00e9volution du groupe par des actes [&hellip;]<\/p>\n","protected":false},"author":2,"featured_media":0,"parent":0,"menu_order":0,"comment_status":"closed","ping_status":"closed","template":"","meta":{"_et_pb_use_builder":"off","_et_pb_old_content":"","_et_gb_content_width":"","footnotes":""},"class_list":["post-385","page","type-page","status-publish","hentry"],"_links":{"self":[{"href":"https:\/\/cirppa.org\/index.php\/wp-json\/wp\/v2\/pages\/385","targetHints":{"allow":["GET"]}}],"collection":[{"href":"https:\/\/cirppa.org\/index.php\/wp-json\/wp\/v2\/pages"}],"about":[{"href":"https:\/\/cirppa.org\/index.php\/wp-json\/wp\/v2\/types\/page"}],"author":[{"embeddable":true,"href":"https:\/\/cirppa.org\/index.php\/wp-json\/wp\/v2\/users\/2"}],"replies":[{"embeddable":true,"href":"https:\/\/cirppa.org\/index.php\/wp-json\/wp\/v2\/comments?post=385"}],"version-history":[{"count":20,"href":"https:\/\/cirppa.org\/index.php\/wp-json\/wp\/v2\/pages\/385\/revisions"}],"predecessor-version":[{"id":872,"href":"https:\/\/cirppa.org\/index.php\/wp-json\/wp\/v2\/pages\/385\/revisions\/872"}],"wp:attachment":[{"href":"https:\/\/cirppa.org\/index.php\/wp-json\/wp\/v2\/media?parent=385"}],"curies":[{"name":"wp","href":"https:\/\/api.w.org\/{rel}","templated":true}]}}