{"id":592,"date":"2023-11-29T16:47:02","date_gmt":"2023-11-29T15:47:02","guid":{"rendered":"https:\/\/cirppa.fr\/?page_id=592"},"modified":"2024-01-02T16:03:08","modified_gmt":"2024-01-02T15:03:08","slug":"cv-pierrette-laurent","status":"publish","type":"page","link":"https:\/\/cirppa.org\/index.php\/cv-pierrette-laurent\/","title":{"rendered":"CV Pierrette Laurent"},"content":{"rendered":"<p>[et_pb_section fb_built=\u00a0\u00bb1&Prime; _builder_version=\u00a0\u00bb4.23&Prime; _module_preset=\u00a0\u00bbdefault\u00a0\u00bb global_colors_info=\u00a0\u00bb{}\u00a0\u00bb][et_pb_row column_structure=\u00a0\u00bb1_4,3_4&Prime; _builder_version=\u00a0\u00bb4.23&Prime; _module_preset=\u00a0\u00bbdefault\u00a0\u00bb global_colors_info=\u00a0\u00bb{}\u00a0\u00bb][et_pb_column type=\u00a0\u00bb1_4&Prime; _builder_version=\u00a0\u00bb4.23&Prime; _module_preset=\u00a0\u00bbdefault\u00a0\u00bb global_colors_info=\u00a0\u00bb{}\u00a0\u00bb][et_pb_divider show_divider=\u00a0\u00bboff\u00a0\u00bb _builder_version=\u00a0\u00bb4.23&Prime; _module_preset=\u00a0\u00bbdefault\u00a0\u00bb global_colors_info=\u00a0\u00bb{}\u00a0\u00bb][\/et_pb_divider][et_pb_text _builder_version=\u00a0\u00bb4.23&Prime; _module_preset=\u00a0\u00bbdefault\u00a0\u00bb global_colors_info=\u00a0\u00bb{}\u00a0\u00bb]<\/p>\n<p><b>Retrouvez la <a href=\"https:\/\/cirppa.org\/index.php\/equipe\/\">liste des autres formateurs ici<\/a>.<\/b><\/p>\n<p>[\/et_pb_text][\/et_pb_column][et_pb_column type=\u00a0\u00bb3_4&Prime; _builder_version=\u00a0\u00bb4.23&Prime; _module_preset=\u00a0\u00bbdefault\u00a0\u00bb global_colors_info=\u00a0\u00bb{}\u00a0\u00bb][et_pb_text _builder_version=\u00a0\u00bb4.23&Prime; _module_preset=\u00a0\u00bbdefault\u00a0\u00bb text_orientation=\u00a0\u00bbjustified\u00a0\u00bb global_colors_info=\u00a0\u00bb{}\u00a0\u00bb]<\/p>\n<h2>Docteur Pierrette Laurent<\/h2>\n<p>Psychiatre-psychanalyste<\/p>\n<p><strong>I \u2013 UNIVERSITAIRE<\/strong><br \/>&#8211; 1978\u00a0: Doctorat en m\u00e9decine (Caen).<br \/>&#8211; 1980\u00a0: CES de psychiatrie (Caen).<br \/>&#8211; M\u00e9moire\u00a0: \u00ab\u00a0Contribution \u00e0 l\u2019\u00e9tude du placement familial sp\u00e9cialis\u00e9\u00a0\u00bb.<br \/>&#8211; 1977-78\u00a0: s\u00e9minaire de psychanalyse de l\u2019enfant de F. Dolto (Paris).<br \/>&#8211; 1978-79\u00a0: s\u00e9minaire de psychiatrie de l\u2019enfant et de l\u2019adolescent. Pr. Mis\u00e8s (Paris).<\/p>\n<p><strong>II \u2013 HOSPITALIER<\/strong><br \/>&#8211; 1974-75\u00a0: FFI en psychiatrie (H.P. Picauville- Manche).<br \/>&#8211; 1975-79\u00a0: Interne des H\u00f4pitaux Psychiatriques de Basse-Normandie \u00e0 Caen.<\/p>\n<p>Depuis 2001\u00a0:<br \/>&#8211; Formation-r\u00e9gulation de l\u2019\u00e9quipe du secteur de p\u00e9dopsychiatrie de Saint-L\u00f4,50.<br \/>&#8211; Supervision de diverses \u00e9quipes de p\u00e9dopsychiatrie (orne, calvados).<\/p>\n<p><strong>III \u2013 SECTEUR ASSOCIATIF<\/strong><br \/>&#8211; 1977-80\u00a0: Psychiatre IME Lehugeur-Leli\u00e8vre, Flers, 61.<br \/>&#8211; 1978-92\u00a0: Psychiatre IME Lisieux, 14.<br \/>&#8211; 1991- 2009\u00a0: Psychiatre, p\u00e9dopsychiatre CMPP-Centre de Guidance Infantile, BAPU, Caen, 14.<\/p>\n<p><strong>IV \u2013 CABINET LIB\u00c9RAL\u00a0<\/strong><br \/>&#8211; 1980 &#8211; 2014\u00a0: Psychiatre,\u00a0Psychanalyste, exercice priv\u00e9, 41 avenue du six juin, Caen, 14000<br \/>&#8211; Depuis 2014\u00a0: psychanalyste, psychoth\u00e9rapeute, 41 avenue du six juin, Caen, 14000<\/p>\n<p><strong>V &#8211; ENSEIGNEMENT UNIVERSITAIRE<\/strong><br \/>&#8211; 1997-98\u00a0: attach\u00e9e d\u2019enseignement- licence psychologie clinique &#8211; Universit\u00e9- Caen.<br \/>&#8211; 1998-99\u00a0: attach\u00e9e d\u2019enseignement- DESS psychologie clinique &#8211; Universit\u00e9- Caen.<br \/>&#8211; 1999-2000\u00a0: attach\u00e9e d\u2019enseignement- DESS psychologie clinique &#8211; Universit\u00e9- Caen.<\/p>\n<p><strong>VI \u2013 AUTRES FORMATIONS<\/strong><br \/>&#8211; Psychanalyste OPLF- IV\u00b0 Groupe.<br \/>&#8211; Psychanalyste de Groupe et formatrice de psychoth\u00e9rapeutes de groupe d\u2019enfants et d\u2019adolescents au CIRPPA (Centre d\u2019Information et de Recherche en Psychologie et Psychanalyse Appliqu\u00e9e. 31 Bd de La Villette. 75010 Paris).<\/p>\n<p><strong>VII \u2013 PUBLICATIONS \u2013 COLLOQUES \u2013 CONGR\u00c9S<\/strong><\/p>\n<p><strong>Livres\u00a0:<\/strong><\/p>\n<p>&#8211; Ka\u00ebs R. &amp; Laurent P.(ss dir.),2009,\u00a0<em>Le processus th\u00e9rapeutique dans les groupes,\u00a0<\/em>\u00c9r\u00e8s.<br \/>&#8211; Laurent P, 2019,\u00a0<em>Conduire un groupe de psychoth\u00e9rapie d\u2019enfants<\/em>, \u00c9r\u00e8s.<br \/>&#8211; Laurent P. &amp; Lh\u00f4tellier D.(ss dir.), 2021, La sensorialit\u00e9 dans les groupes. \u00e9r\u00e8s.<\/p>\n<p><strong>Congr\u00e8s<\/strong><\/p>\n<p><em>Simple participation<\/em><\/p>\n<p>&#8211; 2001\u2013\u00a0Les 10 ans de l\u2019Association des Amis du Centre Claude Bernard. Paris. \u00ab\u00a0D\u00e9liaison et liaison des affects en psychoth\u00e9rapies psychanalytiques en groupe d\u2019enfants.\u00a0\u00bb 2001.<br \/>&#8211; 2018 \u2013\u00a0<em>Hiatus adolescent<\/em>, IV\u00b0G, 15\/09\/18, Paris.<br \/>&#8211; 2019 \u2013\u00a0<em>Destin d\u2019un id\u00e9al<\/em>, Journ\u00e9es scientifiques du IV\u00b0G (16 et 17 mars 2019).<br \/>&#8211; 2019 &#8211;\u00a0<em>Cinquante ans apr\u00e8s\u2026 Transmettre dans le champ de la psychanalyse<\/em>, Journ\u00e9e scientifique du IV\u00b0 Groupe, Paris, (15 juin 2019).<br \/>&#8211; 2019 &#8211; \u00a0<em>Michel de M\u2019Uzan\u00a0: psychanalyste et \u00e9veilleur\u00a0<\/em>\u00a0colloque organis\u00e9 par la SPP, 23 novembre 2019. Paris.<br \/>&#8211; 2021 &#8211;\u00a0<em>Au-del\u00e0 des mots , la cure de parole<\/em>\u00a0, Journ\u00e9es scientifiques du IV\u00b0G. (Visioconf\u00e9rences 20-21mars et 29 mai 2021).<\/p>\n<p><em>Participation + conf\u00e9rence<\/em><br \/>&#8211; 2001 \u2013 4\u00b0Congr\u00e9s Europ\u00e9en de Psychoth\u00e9rapie Psychanalytique de l\u2019Enfant et de l\u2019Adolescent \u2013Caen. \u00ab\u00a0Environnement psychique et psychose\u00a0: une mort vive\u00a0\u00bb.<br \/>&#8211; 2001- \u00ab\u00a0La Psychanalyse \u00e0 vif\u00a0: du corps aux fantasmes, la place du tiers \u00bb. Intervention au congr\u00e8s d\u2019Auxerre.<br \/>&#8211; 2005 \u2013 \u00ab\u00a0 Les groupes d\u2019association libre chez l\u2019enfant\u00a0\u00bb Intervention au congr\u00e8s FAPAG-SFPPG de Toulouse, Paris.<br \/>&#8211; 2021 \u2013 \u00ab\u00a0Une m\u00e9tapsychologie de la rencontre\u00a0?\u00a0\u00bb colloque de Cerisy,\u00a0<em>Aux origines du Je\u00a0: l\u2019\u0153uvre de Piera Aulagnier<\/em>,<em>\u00a0<\/em>colloque de Cerisy, 15-22\/07\/21.<\/p>\n<p><em>Participation +conf\u00e9rence+ publication<\/em><br \/>&#8211; 1999 &#8211; \u00ab\u00a0Th\u00e9ories sexuelles dans un groupe de psychoth\u00e9rapies psychanalytiques d\u2019enfants\u00a0: refus ou d\u00e9sir de savoir\u00a0?\u00a0\u00bb Conf\u00e9rence aux Journ\u00e9es scientifiques du IV\u00b0 Groupe. Topique, 1999,68, 71-88. \u00e9d. L\u2019esprit du temps.<br \/>&#8211; 2000 \u2013 \u00ab\u00a0La sexualit\u00e9 dans l\u2019acc\u00e8s \u00e0 \u00eatre seul en groupe\u00a0\u00bb. Conf\u00e9rence au congr\u00e8s d\u2019Auxerre, publi\u00e9 in \u00ab\u00a0Destins de la sexualit\u00e9 dans les groupes\u00a0\u00bb \u00c9r\u00e8s, 2001.<br \/>&#8211; 2000 \u2013 \u00ab\u00a0Un crime impuni\u00a0; De l\u2019int\u00e9r\u00eat du concept de l\u2019originaire\u00a0\u00bb.\u00a0<em>Topique 74<\/em>, Piera Aulagnier\u00a0: journ\u00e9es scientifiques du IV\u00b0 Groupe (30 septembre-1<sup>er<\/sup>\u00a0octobre 2000), 43-56, Le Bouscat, L\u2019esprit du temps, 2001.<br \/>&#8211; 2002 &#8211; \u00ab\u00a0\u00c0 propos des groupes de psychoth\u00e9rapies psychanalytiques d\u2019enfants\u00a0\u00bb. Cahiers de la Maison de la Recherche en Sciences Humaines 34,\u00a0<em>Groupes et soins psychiques.<\/em>\u00a02003. Universit\u00e9 de Caen.<br \/>&#8211; 2003 \u2013 \u00ab\u00a0Le chaos dans le groupe\u00a0: fantasme ou r\u00e9alit\u00e9\u00a0?\u00a0\u00bb in\u00a0<em>Excitation, jeu et groupe,\u00a0<\/em>Chapelier J-B. &amp; Poncelet J-J. dir<em>.,\u00a0<\/em>\u00c9r\u00e8s 2005. Conf\u00e9rence au VIII<sup>\u00e8me<\/sup>\u00a0congr\u00e8s du CIRPPA, Auxerre 2001.<br \/>&#8211; 2007 \u2013 \u00ab\u00a0H\u00e9t\u00e9rog\u00e9n\u00e9it\u00e9 du sympt\u00f4me, groupalit\u00e9 du fantasme\u00a0\u00bb in \u00ab\u00a0Quels groupes th\u00e9rapeutiques\u00a0? Pour qui\u00a0?\u00a0\u00bb Qu\u00e9lin-Souligoux D. &amp; Privat P. dir., \u00e9res, 2007. Conf\u00e9rence au X<sup>\u00e8me<\/sup>\u00a0congr\u00e8s du CIRPPA, Auxerre, juin 2005.<br \/>&#8211; 2009 \u2013 \u00ab\u00a0Introduction\u00a0\u00bb\u00a0<em>Le processus th\u00e9rapeutique dans les groupes<\/em>, Ka\u00ebs R. &amp; Laurent P.(ss dir.). \u00c9r\u00e8s 2009.<br \/>&#8211; 2011 \u2013 \u00ab\u00a0Le groupe comme contenant\u00a0\u00bb\u00a0<em>Groupe, contenance et cr\u00e9ativit\u00e9<\/em>, Chapelier J-B. &amp; Roffat D. dir., Er\u00e8s 2011. Conf\u00e9rence au XII<sup>\u00e8me<\/sup>\u00a0congr\u00e8s d\u2019Auxerre 2009.<br \/>&#8211; 2015 \u2013 \u00ab\u00a0M\u00e9moire du corps\u00a0? Figuration et \u00e9laboration en groupe\u00a0\u00bb Chaulet D. &amp; Guettier B. (ss dir.)\u00a0<em>Corps, geste et langage<\/em>, \u00e9r\u00e8s 2015. Conf\u00e9rence au XIII<sup>\u00e8me<\/sup>congr\u00e8s du CIRPPA, Auxerre, juin 2013.-<br \/>&#8211; 2019, \u00ab\u00a0Le groupe entre r\u00eave et cauchemar\u00a0\u00bb Chapelli\u00e8re H.&amp; Roffat D. (ss dir.)\u00a0<em>Groupes et symbolisations,<\/em>\u00a0\u00e9r\u00e8s. 2019. Conf\u00e9rence au XVI<sup>\u00e8me<\/sup>\u00a0congr\u00e8s du CIRPPA, Vannes, 2017.<\/p>\n<p><em>Articles<\/em><br \/>&#8211; LAURENT P., 1995 \u2013 \u00ab\u00a0Psychiatre\u00a0: \u00e9tat-limite\u00a0?\u00a0\u00bb\u00a0Bokobza H.&amp;Thurin J-M.(ss dir.)\u00a0Pr\u00e9face de Bergeret J.,\u00a0<em>Les \u00e9tats-limites,<\/em>\u00a0189-203, Association Fran\u00e7aise des Psychiatres d\u2019Exercice Priv\u00e9, 1995.<br \/>&#8211; LAURENT P.,1998 \u2013 \u00a0<em>R\u00eaveries contre-transf\u00e9rentielles dans un groupe d\u2019enfants.\u00a0<\/em>M\u00e9moire pr\u00e9sent\u00e9 au CIRPPA.in\u00e9dit.<br \/>&#8211; LAURENT P., 2002 \u2013 \u00abGroupes de soutien \u00e0 la parentalit\u00e9\u00a0\u00bb Enfances et Psy,19.<em>Travailler avec les groupes<\/em>,101-108, \u00e9r\u00e8s, 2002.<br \/>&#8211; LAURENT P., 2004 \u2013 \u00ab\u00a0Mais, ils ne font que jouer\u00a0! Jeu, repr\u00e9sentation et \u00e9laboration psychique en groupe.\u00a0\u00bb in Neuropsychiatrie de l\u2019enfance et de l\u2019adolescence.52 (2004) 247-252.<br \/>&#8211; LAURENT P., 2007 \u2013 \u00ab\u00a0Les groupes d\u2019association libre chez l\u2019enfant\u00a0\u00bb, Le Coq H\u00e9ron 191 2007\/4,\u00a0<em>Frondaison et arborescences des r\u00eaves\u00a0: nouvelles perspectives.<\/em>\u00a0147-154, \u00e9r\u00e8s, 2007.<br \/>&#8211; LAURENT P., 2018, \u00ab\u00a0Pictogramme, identifications intra-corporelles et Moi-corps. Ce que nous apprennent les psychoth\u00e9rapies avec les enfants autistes\u00a0\u00bb Nouvelles perspectives en psychanalyse \u00e0 partir de l\u2019\u0153uvre de Piera Aulagnier. Actes 7-2018\u00a0? Quatri\u00e8me Groupe, In press.<br \/>&#8211; LAURENT P.,2018,\u00a0\u00ab \u00c0 propos des groupes de psychoth\u00e9rapie psychanalytique d\u2019enfants \u00bb,\u00a0<em>Le Journal des psychologues,<\/em>2018\/9(n\u00b0361),p.14-21.<br \/>&#8211; LAURENT P.,2021, \u00ab\u00a0Les intuitions f\u00e9rencziennes d\u2019un fonctionnement psychique archa\u00efque\u00a0\u00bb\u00a0<em>De d\u00e9crire et d&rsquo;\u00e9crire,\u00a0<\/em>Le Coq-H\u00e9ron 2020\/4 (N\u00b0 243), ,\u00a0p.96-102, Toulouse, Er\u00e8s<br \/>&#8211; LAURENT P., 2021, \u00ab\u00a0L&rsquo;excitation a-t-elle un sens ?\u00a0\u00bb \u00a0<em>De l&rsquo;excitation dans les groupes,\u00a0<\/em>Revue de psychoth\u00e9rapie psychanalytique de groupe, 2021\/1 n\u00b0 76,\u00a0p 13 \u00e0 23, Toulouse, Er\u00e8s,<br \/>&#8211; LAURENT P., 2021, \u00ab\u00a0Un groupe bien particulier\u00a0, relat\u00e9 par A. Freud\u00a0\u00bb \u00a0ss dir.Laurent P. &amp; Lh\u00f4tellier D.\u00a0<em>La sensorialit\u00e9 dans les groupes<\/em>, p 85-98, Toulouse, \u00e9r\u00e8s.<\/p>\n<p>[\/et_pb_text][et_pb_text _builder_version=\u00a0\u00bb4.23&Prime; _module_preset=\u00a0\u00bbdefault\u00a0\u00bb global_colors_info=\u00a0\u00bb{}\u00a0\u00bb]<\/p>\n<p><b>Retrouvez la <a href=\"https:\/\/cirppa.org\/index.php\/equipe\/\">liste des autres formateurs ici<\/a>.<\/b><\/p>\n<p>[\/et_pb_text][\/et_pb_column][\/et_pb_row][\/et_pb_section]<\/p>\n","protected":false},"excerpt":{"rendered":"<p>Retrouvez la liste des autres formateurs ici.Docteur Pierrette Laurent Psychiatre-psychanalyste I \u2013 UNIVERSITAIRE- 1978\u00a0: Doctorat en m\u00e9decine (Caen).- 1980\u00a0: CES de psychiatrie (Caen).- M\u00e9moire\u00a0: \u00ab\u00a0Contribution \u00e0 l\u2019\u00e9tude du placement familial sp\u00e9cialis\u00e9\u00a0\u00bb.- 1977-78\u00a0: s\u00e9minaire de psychanalyse de l\u2019enfant de F. Dolto (Paris).- 1978-79\u00a0: s\u00e9minaire de psychiatrie de l\u2019enfant et de l\u2019adolescent. Pr. Mis\u00e8s (Paris). II \u2013 [&hellip;]<\/p>\n","protected":false},"author":2,"featured_media":0,"parent":0,"menu_order":0,"comment_status":"closed","ping_status":"closed","template":"","meta":{"_et_pb_use_builder":"on","_et_pb_old_content":"","_et_gb_content_width":"","footnotes":""},"class_list":["post-592","page","type-page","status-publish","hentry"],"_links":{"self":[{"href":"https:\/\/cirppa.org\/index.php\/wp-json\/wp\/v2\/pages\/592","targetHints":{"allow":["GET"]}}],"collection":[{"href":"https:\/\/cirppa.org\/index.php\/wp-json\/wp\/v2\/pages"}],"about":[{"href":"https:\/\/cirppa.org\/index.php\/wp-json\/wp\/v2\/types\/page"}],"author":[{"embeddable":true,"href":"https:\/\/cirppa.org\/index.php\/wp-json\/wp\/v2\/users\/2"}],"replies":[{"embeddable":true,"href":"https:\/\/cirppa.org\/index.php\/wp-json\/wp\/v2\/comments?post=592"}],"version-history":[{"count":3,"href":"https:\/\/cirppa.org\/index.php\/wp-json\/wp\/v2\/pages\/592\/revisions"}],"predecessor-version":[{"id":776,"href":"https:\/\/cirppa.org\/index.php\/wp-json\/wp\/v2\/pages\/592\/revisions\/776"}],"wp:attachment":[{"href":"https:\/\/cirppa.org\/index.php\/wp-json\/wp\/v2\/media?parent=592"}],"curies":[{"name":"wp","href":"https:\/\/api.w.org\/{rel}","templated":true}]}}