{"id":62,"date":"2025-02-13T17:00:46","date_gmt":"2025-02-13T16:00:46","guid":{"rendered":"http:\/\/cirppa.fr\/?page_id=62"},"modified":"2025-10-19T19:10:11","modified_gmt":"2025-10-19T17:10:11","slug":"institut-de-formation","status":"publish","type":"page","link":"https:\/\/cirppa.org\/index.php\/institut-de-formation\/","title":{"rendered":"Institut de Formation"},"content":{"rendered":"<p>[et_pb_section fb_built=\u00a0\u00bb1&Prime; _builder_version=\u00a0\u00bb4.23&Prime; _module_preset=\u00a0\u00bbdefault\u00a0\u00bb global_colors_info=\u00a0\u00bb{}\u00a0\u00bb][et_pb_row column_structure=\u00a0\u00bb1_4,1_2,1_4&Prime; _builder_version=\u00a0\u00bb4.23&Prime; _module_preset=\u00a0\u00bbdefault\u00a0\u00bb global_colors_info=\u00a0\u00bb{}\u00a0\u00bb][et_pb_column type=\u00a0\u00bb1_4&Prime; _builder_version=\u00a0\u00bb4.23&Prime; _module_preset=\u00a0\u00bbdefault\u00a0\u00bb global_colors_info=\u00a0\u00bb{}\u00a0\u00bb][et_pb_divider show_divider=\u00a0\u00bboff\u00a0\u00bb _builder_version=\u00a0\u00bb4.23&Prime; _module_preset=\u00a0\u00bbdefault\u00a0\u00bb global_colors_info=\u00a0\u00bb{}\u00a0\u00bb][\/et_pb_divider][et_pb_text admin_label=\u00a0\u00bbTexte\u00a0\u00bb _builder_version=\u00a0\u00bb4.23&Prime; _module_preset=\u00a0\u00bbdefault\u00a0\u00bb global_colors_info=\u00a0\u00bb{}\u00a0\u00bb]<\/p>\n<div class=\"moduletable\">\n<h3><span class=\"backh\"><span class=\"backh2\"><span class=\"backh3\">Interventions en Institution<\/span><\/span><\/span><\/h3>\n<ul class=\"menu\">\n<li class=\"item-565\"><a href=\"https:\/\/cirppa.org\/index.php\/stage-initiation-a-lanimation-de-groupes-therapeutiques-denfants\/\">Initiation \u00e0 l&rsquo;animation de groupes th\u00e9rapeutiques d&rsquo;enfants<\/a><\/li>\n<li class=\"item-478\"><a href=\"https:\/\/cirppa.org\/index.php\/stage-le-travail-therapeutique-en-groupe-replace-dans-son-contexte-institutionnel\/\">Le travail th\u00e9rapeutique en groupe replac\u00e9 dans son contexte institutionnel<\/a><\/li>\n<li class=\"item-482\"><a href=\"https:\/\/cirppa.org\/index.php\/stage-reflexion-sur-les-phenomenes-institutionnels\/\">R\u00e9flexion sur les ph\u00e9nom\u00e8nes institutionnels<\/a><\/li>\n<li class=\"item-482\"><\/li>\n<\/ul>\n<\/div>\n<div class=\"moduletable\">\n<h3><span class=\"backh\"><span class=\"backh2\"><span class=\"backh3\">Stages personnels<\/span><\/span><\/span><\/h3>\n<ul class=\"menu\">\n<li class=\"item-476\"><a href=\"https:\/\/cirppa.org\/index.php\/action-therapeutique-groupe\/\">L&rsquo;action th\u00e9rapeutique en groupe<\/a><\/li>\n<li class=\"item-475\"><a href=\"https:\/\/cirppa.org\/index.php\/psychodrame-enfant\/\">Psychoth\u00e9rapies de groupes et psychodrames d&rsquo;enfants<\/a><\/li>\n<li class=\"item-483\"><a href=\"https:\/\/cirppa.org\/index.php\/stage-psychotherapies-de-groupe-a-ladolescence\/\">Psychoth\u00e9rapies de groupe \u00e0 l&rsquo;adolescence<\/a><\/li>\n<li class=\"item-484\"><a href=\"https:\/\/cirppa.org\/index.php\/stage-groupe-et-troubles-du-comportement\/\">Groupe et troubles du comportement<\/a><\/li>\n<li class=\"item-485\"><a href=\"https:\/\/cirppa.org\/index.php\/mediations-et-groupes-therapeutiques\/\">M\u00e9diations et groupes th\u00e9rapeutiques<\/a><\/li>\n<li class=\"item-488\"><a href=\"https:\/\/cirppa.org\/index.php\/psychodrame-et-travail-sur-la-dynamique-groupale\/\">Psychodrame et travail sur la dynamique groupale<\/a><\/li>\n<li class=\"item-489\"><a href=\"https:\/\/cirppa.org\/index.php\/groupe-et-autisme\/\">Groupe et autisme<\/a><\/li>\n<li class=\"item-474\"><a href=\"https:\/\/cirppa.org\/index.php\/sensibilisation-personnelle-a-la-dynamique-des-groupes\/\">Sensibilisation personnelle \u00e0 la dynamique des groupes<\/a><\/li>\n<li class=\"item-474\"><a href=\"https:\/\/cirppa.org\/index.php\/sensibilisation-au-psychodrame\/\">Sensibilisation au psychodrame<\/a><\/li>\n<\/ul>\n<\/div>\n<p>[\/et_pb_text][\/et_pb_column][et_pb_column type=\u00a0\u00bb1_2&Prime; _builder_version=\u00a0\u00bb4.23&Prime; _module_preset=\u00a0\u00bbdefault\u00a0\u00bb global_colors_info=\u00a0\u00bb{}\u00a0\u00bb][et_pb_text _builder_version=\u00a0\u00bb4.23&Prime; _module_preset=\u00a0\u00bbdefault\u00a0\u00bb text_orientation=\u00a0\u00bbjustified\u00a0\u00bb custom_padding=\u00a0\u00bb|0px||||\u00a0\u00bb inline_fonts=\u00a0\u00bbAbyssinica SIL\u00a0\u00bb global_colors_info=\u00a0\u00bb{}\u00a0\u00bb]<\/p>\n<h2 style=\"text-align: center;\">\u00a0L&rsquo;institut de formation du CIRPPA<\/h2>\n<p><span style=\"color: #3366ff;\"><strong><\/strong><\/span><\/p>\n<p><span style=\"color: #3366ff;\"><strong><\/strong><\/span><\/p>\n<p><span style=\"color: #3366ff;\"><strong>Conditions<\/strong>\u00a0<strong>g\u00e9n\u00e9rales<\/strong>\u00a0<strong>de\u00a0vente des stages personnels:<\/strong><\/span><\/p>\n<p>Avant toute demande personnelle de formation, il est fortement conseill\u00e9 de prendre contact t\u00e9l\u00e9phoniquement avec le secr\u00e9tariat : 01 42 40 41 12<\/p>\n<p>Les demandes sont trait\u00e9es au fur et \u00e0 mesure de leur arriv\u00e9e et jusqu\u2019aux derniers jours avant le d\u00e9but du stage dans la limite des places disponibles. Le nombre minimum par groupe est de 6.<\/p>\n<p>L&rsquo;envoi d&rsquo;un bulletin d&rsquo;inscription et d&rsquo;un C.V donnera acc\u00e8s \u00e0 un entretien pr\u00e9alable.<\/p>\n<p>Pour toute annulation moins de 15 jours avant le d\u00e9but du stage, il sera demand\u00e9 un forfait de 50 \u20ac pour frais de dossier et location de salles.<\/p>\n<p><strong><span style=\"color: #3366ff;\">Attention<\/span> : <\/strong>Les trois formations : Sensibilisation personnelle \u00e0 la dynamique des groupes, L&rsquo;action th\u00e9rapeutique en groupe et Psychoth\u00e9rapies de groupe et psychodrames d&rsquo;enfants sont pr\u00e9sent\u00e9es sous forme de modules s\u00e9par\u00e9s.<\/p>\n<p>&#8211; Module 1 : Sensibilisation<br \/>&#8211; Module 2 : Th\u00e9ories g\u00e9n\u00e9rales des groupes<br \/>&#8211; Module 3 : Th\u00e9orico-clinique et pr\u00e9paration au travail en groupe<br \/>&#8211; Module 4 : Reprise clinique en petits groupes<\/p>\n<p>Ainsi, le module 1 constitue \u00e0 lui seul la formation \u00ab\u00a0Sensibilisation personnelle \u00e0 la dynamique de groupe\u00a0\u00bb.<\/p>\n<p>Le module 1 et le module 2 sont les composants de la 1\u00e8re ann\u00e9e de la formation \u00ab\u00a0Psychoth\u00e9rapie de groupe et psychodrame d&rsquo;enfants\u00a0\u00bb comme de la formation \u00ab\u00a0Action th\u00e9rapeutique en groupe\u00a0\u00bb.<\/p>\n<p>Le module 3 constitue \u00e0 lui seul\u00a0la 2e ann\u00e9e de ces m\u00eames formations<\/p>\n<p>Leurs 3e ann\u00e9es \u00e9tant constitu\u00e9es par le module 4.<\/p>\n<p><span style=\"color: #3366ff;\"><strong>L&rsquo;inscription se fait donc par formation et par ann\u00e9e<\/strong>.\u00a0<strong>Nota Bene\u00a0: il y a eu une modification r\u00e9cente \u00a0de dates pour ces formations<\/strong><\/span><\/p>\n<p>&#8230; &#8230; &#8230;<\/p>\n<p><span style=\"color: #3366ff;\"><strong>Quelques chiffres :<\/strong><\/span><\/p>\n<p>Ann\u00e9e 2021 :\u00a0\u00c9tablissements clients : 65 \u00a0Nombre de stagiaires : 480<\/p>\n<p>Ann\u00e9e 2022 :\u00a0\u00c9tablissements clients : 35 \u00a0Nombre de stagiaires : 241<\/p>\n<p>Ann\u00e9e 2023: Etablissements clients :\u00a0 70\u00a0 Nombre de stagiaires : 375<\/p>\n<p>Ann\u00e9e 2024: Etablissements clients: 68 \u00a0 \u00a0Nombre de stagiaires : 356<\/p>\n<p>Les r\u00e9sultats de l\u2019enqu\u00eate de satisfaction men\u00e9e sur ces ann\u00e9es\u00a0 jusqu&rsquo;en octobre)\u00a0 montent\u00a0 <strong>98% de tr\u00e8s satisfaits ou satisfaits<\/strong> . 100% des stagiaires recommandent ou recommanderaient le stage.<\/p>\n<p><span style=\"color: #3366ff;\"><strong>T\u00e9moignages de stagiaires :<\/strong><\/span>\u00a0<\/p>\n<p>La qualit\u00e9 du travail de formation au CIRPPA a fait \u00e9voluer ma pratique clinique en institution bien au del\u00e0 de la clinique groupale supervis\u00e9e .\u00a0\u00bb\u00a0<em>Psychoth\u00e9rapies de groupes et Psychodrames d&rsquo;enfants\u00a0\u00bb.<\/em><\/p>\n<p>Je suis satisfaite de cette formation, stimulante tant sur le plan professionnel(motivation \u00e0 mettre en place des groupes th\u00e9rapeutiques) que sur le plan personnel (questionnement sur sa propre place dans le groupe par exemple). L&rsquo;\u00e9coute du groupe et du formateur ont \u00e9t\u00e9 de tr\u00e9s bonne qualit\u00e9. J&rsquo;esp\u00e8re pouvoir poursuivre avec le soutien de l&rsquo;institution o\u00f9 je travaille. \u00ab\u00a0<em>Sensibilisation pesonnelle \u00e0 la dynamique des groupes\u00a0\u00bb<\/em><\/p>\n<p>Formation tr\u00e8s riche tant sur la dynamique de groupe que sur le d\u00e9codage des comportements des patients.<\/p>\n<p>Les formateurs sont tr\u00e8s disponibles pour tous nos questionnements\u00a0.<\/p>\n<p>La mise en groupe puis le lien entre le v\u00e9cu et la th\u00e9orie permet de mieux comprendre et int\u00e9rioriser les concepts puis la supervision prrmet d&rsquo;ancrer les acquis. \u00ab\u00a0<em>L&rsquo;action th\u00e9rapeutique en groupes\u00a0\u00bb<\/em><\/p>\n<p style=\"font-weight: 400;\"><span style=\"font-size: small;\"><strong>INITIATION AUX GROUPES THERAPEUTIQUES D\u2019ENFANTS <\/strong><\/span><span style=\"font-family: 'Abyssinica SIL'; font-weight: normal;\"><strong>\u00a0Novembre 2023<\/strong><\/span><\/p>\n<p style=\"font-weight: 400;\">\u00c0 l\u2019issue de ces deux jours , quatre-vingt-dix pour cent se sentent capables de proposer un projet argument\u00e9 pour mettre en place un groupe th\u00e9rapeutique, mais seulement soixante-dix pour cent de pouvoir d\u00e9fendre une orientation th\u00e9orique n\u00e9cessitant la mise en place d\u2019un dispositif appropri\u00e9.<\/p>\n<p style=\"font-weight: 400;\">Soixante cinq pour cent des stagiaires pensent que cette formation remet en question leur pratique habituelle mais en m\u00eame temps soixante- quinze pour cent consid\u00e8rent qu\u2019ils vont toutefois dans un premier temps p\u00e9renniser leur pratique.<\/p>\n<p style=\"font-weight: 400;\">D\u2019o\u00f9 le fait que quatre-vingt-dix pour cent souhaitent approfondir cette formation par un module compl\u00e9mentaire portant plus pr\u00e9cis\u00e9ment sur la pr\u00e9paration des groupes quand seulement dix pour cent n\u2019envisagent qu\u2019\u00e9ventuellement cette possibilit\u00e9.<\/p>\n<p style=\"font-weight: 400;\">Bilan tir\u00e9 des r\u00e9ponses aux questionnaires distribu\u00e9s aux stagiaires (il \u00e9tait possible de donner plusieurs r\u00e9ponse par item)<\/p>\n<p><span style=\"color: #3366ff;\"><strong>L&rsquo;institut de formation du CIRPPA :<\/strong><\/span><\/p>\n<p>Cr\u00e9\u00e9 en 1991, sous le parrainage d\u2019Oph\u00e9lia Avron+, Bernard Brusset, Jean-Pierre Caillot, Simone Decobert+, Pierre Ferrari, Evelyn Granjon, Genevi\u00e8ve Haag +, Didier Houzel, Ren\u00e9 Ka\u00ebs, Serge Lebovici+, Jean Lemaire+ et Andr\u00e9 Missenard+, l&rsquo;Institut de recherche et de formation pour l&rsquo;approche psychanalytique des groupes trouve son origine dans les activit\u00e9s de formation et de perfectionnement, mises en place par les membres du C.I.R.P.P.A d\u00e8s 1983 aupr\u00e8s des diff\u00e9rents th\u00e9rapeutes d&rsquo;enfants.<\/p>\n<p>A la suite du premier congr\u00e8s d&rsquo;Auxerre (1988) : \u00ab\u00a0Les psychoth\u00e9rapies de groupes d&rsquo;enfants au regard de la psychanalyse\u00a0\u00bb (plus de 500 participants) qui a r\u00e9v\u00e9l\u00e9 l&rsquo;importance donn\u00e9e aux pratiques groupales dans les diff\u00e9rentes institutions de soins pour enfants, s&rsquo;est mise en place, parall\u00e8lement, une formations plus sp\u00e9cifiquement adress\u00e9e aux psychoth\u00e9rapeutes d&rsquo;orientation psychanalytique.<\/p>\n<p>Ces formations s&rsquo;appuient sur les recherches entreprises au d\u00e9but des ann\u00e9es 70, tant par Pierre Privat+ et Jean-Bernard Chapelier, dans le cadre du secteur psychiatrique d&rsquo;Aubervilliers, puis au C. M. P. P. d&rsquo;Auxerre, sur les groupes d&rsquo;enfants \u00e0 l&rsquo;\u00e2ge de la latence, que par Genevi\u00e8ve Haag et Simone Urwand aupr\u00e8s des enfants autistes et psychotiques, et par ailleurs sur les travaux de W. Bion, S. Foulkes, D. Anzieu et R. Ka\u00ebs&#8230;<\/p>\n<p>A ce jour, la recherche se poursuit, aussi bien au Centre Claude Bernard \u00e0 Paris que dans de nombreuses institutions, \u00e9tendue \u00e0 diff\u00e9rentes pathologies concernant non seulement les enfants \u00e0 l&rsquo;\u00e2ge de la latence, mais aussi les jeunes enfants, les adolescents, les adultes&#8230;<\/p>\n<p><strong><span style=\"font-size: medium;\"><span style=\"color: #3366ff;\">Caract\u00e9ristiques g\u00e9n\u00e9rales de l&rsquo;offre de formation de l&rsquo;institut<\/span><\/span><\/strong><\/p>\n<p>Crit\u00e8re n\u00b0 1 :\u00a0<strong>Communiquer sur son offre<\/strong>. Le CIRPPA pr\u00e9sente son offre de formation de mani\u00e8re pr\u00e9cise, tant au niveau du contenu que du d\u00e9roul\u00e9 ou des indicateurs de r\u00e9sultats.<\/p>\n<p>Crit\u00e8re n\u00b0 2 :\u00a0<strong>Concevoir des formations adapt\u00e9es aux besoins des futurs stagiaires<\/strong>. Les programmes de formation du CIRPPA r\u00e9pondent \u00e0 des objectifs pr\u00e9cis permettant aux professionnels d\u2019acqu\u00e9rir des comp\u00e9tences dans la conduite des groupes th\u00e9rapeutiques.<\/p>\n<p>Crit\u00e8re n\u00b0 3 :\u00a0<strong>Adapter les prestations en fonction des profils des b\u00e9n\u00e9ficiaires<\/strong>. Au cours des formations du CIRPPA, chaque stagiaire a un r\u00e9f\u00e9rent de formation qui s\u2019assure du suivi r\u00e9gulier des diff\u00e9rentes \u00e9tapes de son cursus de formation.<\/p>\n<p>Crit\u00e8re n\u00b0 4 :\u00a0<strong>Offrir un environnement de travail favorable aux apprentissages<\/strong>. Le CIRPPA propose des lieux et des ressources p\u00e9dagogiques favorisant les conditions de r\u00e9ussite des stagiaires.<\/p>\n<p>Crit\u00e8re n\u00b0 5 :\u00a0<strong>Professionnaliser les \u00e9quipes<\/strong>. Les formateurs du CIRPPA sont dans un processus de formation continue avec des r\u00e9unions d\u2019organisation ,de r\u00e9flexions et d\u2019 Intervision r\u00e9guli\u00e8res.<\/p>\n<p>Crit\u00e8re n\u00b0 6 :\u00a0<strong>Ma\u00eetriser son environnement professionnel<\/strong>. Le CIRPPA exerce une veille sur la l\u00e9gislation, l\u2019\u00e9volution des comp\u00e9tences et des m\u00e9tiers, afin de pouvoir proposer de nouvelles formations en lien avec les besoins des professionnels.<\/p>\n<p>Crit\u00e8re n\u00b0 7 :\u00a0<strong>Am\u00e9liorer les prestations en continu<\/strong>. L\u2019analyse des questionnaires des stagiaires et des employeurs permet au CIRPPA d\u2019am\u00e9liorer et de compl\u00e9ter le contenu de ses formations.<\/p>\n<hr \/>\n<p><b>Retrouvez la <a href=\"https:\/\/cirppa.org\/index.php\/equipe\/\">liste des formateurs ici<\/a>.<\/b><\/p>\n<p>[\/et_pb_text][\/et_pb_column][et_pb_column type=\u00a0\u00bb1_4&Prime; _builder_version=\u00a0\u00bb4.23&Prime; _module_preset=\u00a0\u00bbdefault\u00a0\u00bb global_colors_info=\u00a0\u00bb{}\u00a0\u00bb][et_pb_divider show_divider=\u00a0\u00bboff\u00a0\u00bb _builder_version=\u00a0\u00bb4.23&Prime; _module_preset=\u00a0\u00bbdefault\u00a0\u00bb global_colors_info=\u00a0\u00bb{}\u00a0\u00bb][\/et_pb_divider][et_pb_button button_url=\u00a0\u00bbhttps:\/\/cirppa.org\/wp-content\/uploads\/2025\/02\/Bulletin-dinscription-pour-tous-stages-1.docx\u00a0\u00bb button_text=\u00a0\u00bbBULLETIN D&rsquo;INSCRIPTION\u00a0\u00bb button_text_last_edited=\u00a0\u00bboff|desktop\u00a0\u00bb admin_label=\u00a0\u00bbBouton\u00a0\u00bb _builder_version=\u00a0\u00bb4.27.4&Prime; _module_preset=\u00a0\u00bbdefault\u00a0\u00bb custom_button=\u00a0\u00bbon\u00a0\u00bb global_colors_info=\u00a0\u00bb{}\u00a0\u00bb][\/et_pb_button][et_pb_button button_url=\u00a0\u00bbhttps:\/\/cirppa.org\/wp-content\/uploads\/2025\/02\/Bulletin-dadhesion-2025.pdf\u00a0\u00bb button_text=\u00a0\u00bbBULLETIN D&rsquo;ADH\u00c9SION\u00a0\u00bb _builder_version=\u00a0\u00bb4.27.4&Prime; _dynamic_attributes=\u00a0\u00bbbutton_url\u00a0\u00bb _module_preset=\u00a0\u00bbdefault\u00a0\u00bb global_colors_info=\u00a0\u00bb{}\u00a0\u00bb][\/et_pb_button][\/et_pb_column][\/et_pb_row][\/et_pb_section]<\/p>\n","protected":false},"excerpt":{"rendered":"<p>Interventions en Institution Initiation \u00e0 l&rsquo;animation de groupes th\u00e9rapeutiques d&rsquo;enfants Le travail th\u00e9rapeutique en groupe replac\u00e9 dans son contexte institutionnel R\u00e9flexion sur les ph\u00e9nom\u00e8nes institutionnels Stages personnels L&rsquo;action th\u00e9rapeutique en groupe Psychoth\u00e9rapies de groupes et psychodrames d&rsquo;enfants Psychoth\u00e9rapies de groupe \u00e0 l&rsquo;adolescence Groupe et troubles du comportement M\u00e9diations et groupes th\u00e9rapeutiques Psychodrame et travail sur [&hellip;]<\/p>\n","protected":false},"author":2,"featured_media":0,"parent":0,"menu_order":0,"comment_status":"closed","ping_status":"closed","template":"","meta":{"_et_pb_use_builder":"on","_et_pb_old_content":"","_et_gb_content_width":"","footnotes":""},"class_list":["post-62","page","type-page","status-publish","hentry"],"_links":{"self":[{"href":"https:\/\/cirppa.org\/index.php\/wp-json\/wp\/v2\/pages\/62","targetHints":{"allow":["GET"]}}],"collection":[{"href":"https:\/\/cirppa.org\/index.php\/wp-json\/wp\/v2\/pages"}],"about":[{"href":"https:\/\/cirppa.org\/index.php\/wp-json\/wp\/v2\/types\/page"}],"author":[{"embeddable":true,"href":"https:\/\/cirppa.org\/index.php\/wp-json\/wp\/v2\/users\/2"}],"replies":[{"embeddable":true,"href":"https:\/\/cirppa.org\/index.php\/wp-json\/wp\/v2\/comments?post=62"}],"version-history":[{"count":66,"href":"https:\/\/cirppa.org\/index.php\/wp-json\/wp\/v2\/pages\/62\/revisions"}],"predecessor-version":[{"id":1319,"href":"https:\/\/cirppa.org\/index.php\/wp-json\/wp\/v2\/pages\/62\/revisions\/1319"}],"wp:attachment":[{"href":"https:\/\/cirppa.org\/index.php\/wp-json\/wp\/v2\/media?parent=62"}],"curies":[{"name":"wp","href":"https:\/\/api.w.org\/{rel}","templated":true}]}}