{"id":67,"date":"2023-10-02T10:57:10","date_gmt":"2023-10-02T08:57:10","guid":{"rendered":"https:\/\/cirppa.fr\/?page_id=67"},"modified":"2025-06-05T15:52:07","modified_gmt":"2025-06-05T13:52:07","slug":"stage-initiation-a-lanimation-de-groupes-therapeutiques-denfants","status":"publish","type":"page","link":"https:\/\/cirppa.org\/index.php\/stage-initiation-a-lanimation-de-groupes-therapeutiques-denfants\/","title":{"rendered":"Initiation \u00e0 l&rsquo;animation de groupes th\u00e9rapeutiques d&rsquo;enfants"},"content":{"rendered":"<p>[et_pb_section fb_built=\u00a0\u00bb1&Prime; _builder_version=\u00a0\u00bb4.23&Prime; _module_preset=\u00a0\u00bbdefault\u00a0\u00bb custom_padding=\u00a0\u00bb12px|||||\u00a0\u00bb global_colors_info=\u00a0\u00bb{}\u00a0\u00bb][et_pb_row column_structure=\u00a0\u00bb1_4,1_2,1_4&Prime; _builder_version=\u00a0\u00bb4.23&Prime; _module_preset=\u00a0\u00bbdefault\u00a0\u00bb global_colors_info=\u00a0\u00bb{}\u00a0\u00bb][et_pb_column type=\u00a0\u00bb1_4&Prime; _builder_version=\u00a0\u00bb4.23&Prime; _module_preset=\u00a0\u00bbdefault\u00a0\u00bb global_colors_info=\u00a0\u00bb{}\u00a0\u00bb][et_pb_divider show_divider=\u00a0\u00bboff\u00a0\u00bb _builder_version=\u00a0\u00bb4.23&Prime; _module_preset=\u00a0\u00bbdefault\u00a0\u00bb global_colors_info=\u00a0\u00bb{}\u00a0\u00bb][\/et_pb_divider][et_pb_text _builder_version=\u00a0\u00bb4.23&Prime; _module_preset=\u00a0\u00bbdefault\u00a0\u00bb global_colors_info=\u00a0\u00bb{}\u00a0\u00bb]<\/p>\n<div class=\"moduletable\">\n<h3><span class=\"backh\"><span class=\"backh2\"><span class=\"backh3\">Interventions en Institution<\/span><\/span><\/span><\/h3>\n<ul class=\"menu\">\n<li class=\"item-565\"><a href=\"https:\/\/cirppa.org\/index.php\/stage-initiation-a-lanimation-de-groupes-therapeutiques-denfants\/\">Initiation \u00e0 l&rsquo;animation de groupes th\u00e9rapeutiques d&rsquo;enfants<\/a><\/li>\n<li class=\"item-478\"><a href=\"https:\/\/cirppa.org\/index.php\/stage-le-travail-therapeutique-en-groupe-replace-dans-son-contexte-institutionnel\/\">Le travail th\u00e9rapeutique en groupe replac\u00e9 dans son contexte institutionnel<\/a><\/li>\n<li class=\"item-482\"><a href=\"https:\/\/cirppa.org\/index.php\/stage-reflexion-sur-les-phenomenes-institutionnels\/\">R\u00e9flexion sur les ph\u00e9nom\u00e8nes institutionnels<\/a><\/li>\n<\/ul>\n<\/div>\n<div class=\"moduletable\">\n<h3><span class=\"backh\"><span class=\"backh2\"><span class=\"backh3\">Stages personnels<\/span><\/span><\/span><\/h3>\n<ul class=\"menu\">\n<li class=\"item-476\"><a href=\"https:\/\/cirppa.org\/index.php\/action-therapeutique-groupe\/\">L&rsquo;action th\u00e9rapeutique en groupe<\/a><\/li>\n<li class=\"item-475\"><a href=\"https:\/\/cirppa.org\/index.php\/psychodrame-enfant\/\">Psychoth\u00e9rapies de groupes et psychodrames d&rsquo;enfants<\/a><\/li>\n<li class=\"item-483\"><a href=\"https:\/\/cirppa.org\/index.php\/stage-psychotherapies-de-groupe-a-ladolescence\/\">Psychoth\u00e9rapies de groupe \u00e0 l&rsquo;adolescence<\/a><\/li>\n<li class=\"item-484\"><a href=\"https:\/\/cirppa.org\/index.php\/stage-groupe-et-troubles-du-comportement\/\">Groupe et troubles du comportement<\/a><\/li>\n<li class=\"item-485\"><a href=\"https:\/\/cirppa.org\/index.php\/mediations-et-groupes-therapeutiques\/\">M\u00e9diations et groupes th\u00e9rapeutiques<\/a><\/li>\n<li class=\"item-488\"><a href=\"https:\/\/cirppa.org\/index.php\/psychodrame-et-travail-sur-la-dynamique-groupale\/\">Psychodrame et travail sur la dynamique groupale<\/a><\/li>\n<li class=\"item-489\"><a href=\"https:\/\/cirppa.org\/index.php\/groupe-et-autisme\/\">Groupe et autisme<\/a><\/li>\n<li class=\"item-474\"><a href=\"https:\/\/cirppa.org\/index.php\/sensibilisation-personnelle-a-la-dynamique-des-groupes\/\">Sensibilisation personnelle \u00e0 la dynamique des groupes<\/a><\/li>\n<li><a href=\"https:\/\/cirppa.org\/index.php\/sensibilisation-au-psychodrame\/\">Sensibilisation au psychodrame<\/a><\/li>\n<\/ul>\n<\/div>\n<p>[\/et_pb_text][\/et_pb_column][et_pb_column type=\u00a0\u00bb1_2&Prime; _builder_version=\u00a0\u00bb4.23&Prime; _module_preset=\u00a0\u00bbdefault\u00a0\u00bb global_colors_info=\u00a0\u00bb{}\u00a0\u00bb][et_pb_text _builder_version=\u00a0\u00bb4.23&Prime; _module_preset=\u00a0\u00bbdefault\u00a0\u00bb text_orientation=\u00a0\u00bbjustified\u00a0\u00bb global_colors_info=\u00a0\u00bb{}\u00a0\u00bb]<\/p>\n<h2 style=\"text-align: left;\">Initiation \u00e0 l&rsquo;animation de groupes th\u00e9rapeutiques d&rsquo;enfants<\/h2>\n<p><span><strong>Les programmes sp\u00e9cifiques seront \u00e9labor\u00e9s avec les responsables de l&rsquo;\u00e9tablissement \u00e0 partir de la trame propos\u00e9e ci dessous.<\/strong><\/span><\/p>\n<p><em>Avec des groupes de stagiaires (9 personnes minimum par groupe et 15 personnes maximum)<\/em><\/p>\n<p><em>Sessions de deux jours<\/em><strong>\u00a0<\/strong><em>minimum ou plus (consecutifs ou s\u00e9par\u00e9s.)<\/em><\/p>\n<p><strong>Public concern\u00e9<\/strong><\/p>\n<p>Personnel du secteur p\u00e9do-psychiatrique et m\u00e9dico-social<\/p>\n<p><strong>Contenu p\u00e9dagogique<\/strong><\/p>\n<p>Un travail de r\u00e9flexion et d&rsquo;\u00e9laboration sur les pratiques de chacun et sur le groupe.<\/p>\n<p>Des expos\u00e9s et conf\u00e9rences th\u00e9oriques abordant diff\u00e9rents aspects th\u00e9orico-cliniques des groupes th\u00e9rapeutiques d&rsquo;enfants .<\/p>\n<p>Les expos\u00e9s proposeront un cheminement th\u00e9orico-clinique qui abordera, entre autres, les th\u00e9ories psychanalytiques des groupes et le probl\u00e8me de la m\u00e9diation.<\/p>\n<p>D\u2019autre part \u00e0 la suite \u00a0des expos\u00e9s chacun, \u00a0sera sollict\u00e9 \u00e0 partir d&rsquo;une r\u00e9flexion \u00a0partag\u00e9e .sur sa pratique, de d\u00e9couvrir les sollicitations personnelles en jeu dans tout travail de groupe : implications affectives et contre-attitudes qui en d\u00e9coulent\u00a0et \u00a0\u00e0 travailler :<\/p>\n<ul>\n<li>la notion de cadre,<\/li>\n<li>les diff\u00e9rents dispositifs (mono, coth\u00e9rapie, groupe ouvert, groupe ferm\u00e9, diff\u00e9rents modes d&rsquo;expression&#8230;),<\/li>\n<li>les indications,<\/li>\n<li><span>le r\u00f4le des parents et de l&rsquo;institution,<\/span><\/li>\n<li><span>etc&#8230;<\/span><\/li>\n<\/ul>\n<p><strong>M\u00e9thodologie<\/strong><\/p>\n<p>Journ\u00e9e de 6 heures d&rsquo;expos\u00e9s th\u00e9oriques et d&rsquo;interactions avec les participants autour de leurs cliniques<\/p>\n<p><strong>Evaluation<\/strong><\/p>\n<p>Questionnaires de d\u00e9but et fin de groupe<\/p>\n<hr \/>\n<p><span><strong><span class=\"Style5\"><\/span><\/strong><\/span><\/p>\n<p><b>Retrouvez la<span>\u00a0<\/span><a href=\"https:\/\/cirppa.org\/index.php\/equipe\/\">liste des formateurs ici<\/a>.<\/b><\/p>\n<p>[\/et_pb_text][\/et_pb_column][et_pb_column type=\u00a0\u00bb1_4&Prime; _builder_version=\u00a0\u00bb4.23&Prime; _module_preset=\u00a0\u00bbdefault\u00a0\u00bb global_colors_info=\u00a0\u00bb{}\u00a0\u00bb][et_pb_divider show_divider=\u00a0\u00bboff\u00a0\u00bb _builder_version=\u00a0\u00bb4.23&Prime; _module_preset=\u00a0\u00bbdefault\u00a0\u00bb global_colors_info=\u00a0\u00bb{}\u00a0\u00bb][\/et_pb_divider][et_pb_text _builder_version=\u00a0\u00bb4.23&Prime; _module_preset=\u00a0\u00bbdefault\u00a0\u00bb global_colors_info=\u00a0\u00bb{}\u00a0\u00bb]<\/p>\n<div id=\"all\">\n<div id=\"back\">\n<div id=\"contentarea\">\n<div id=\"wrapper2\">\n<div id=\"main\" role=\"main\">\n<div class=\"item-page\">\n<h3><span class=\"backh\"><span class=\"backh2\"><span class=\"backh3\">Tarif indicatif 2026<\/span><\/span><\/span><\/h3>\n<div class=\"custom\">\n<div id=\"all\">\n<div id=\"back\">\n<div id=\"contentarea\">\n<div id=\"wrapper2\">\n<div id=\"main\" role=\"main\">\n<div class=\"item-page\">\n<p>1 350 \u20ac la journ\u00e9e + frais de transport et d&rsquo;h\u00e9bergement<\/p>\n<p>Frais d&rsquo;\u00e9valuation si n\u00e9cessaire sur place : 600 \u20ac + frais de transport et d&rsquo;h\u00e9bergement.<span>\u00a0<\/span><\/p>\n<p><strong><span style=\"color: #e09900;\">Un contact t\u00e9l\u00e9phonique est indispensable \u00e0 la proposition d&rsquo;une convention devis et d\u2019un calendrier. <span>Les programmes seront \u00e9labor\u00e9s avec les responsables de l&rsquo;\u00e9tablissement.<\/span><\/span><\/strong><\/p>\n<\/div>\n<\/div>\n<\/div>\n<div class=\"wrap\"><\/div>\n<\/div>\n<\/div>\n<\/div>\n<div id=\"footer-outer\">\n<div id=\"footer-sub\">\n<div id=\"footer\"><\/div>\n<\/div>\n<\/div>\n<\/div>\n<\/div>\n<\/div>\n<\/div>\n<div class=\"wrap\"><\/div>\n<\/div>\n<\/div>\n<\/div>\n<div id=\"footer-outer\">\n<div id=\"footer-sub\">\n<div id=\"footer\"><\/div>\n<\/div>\n<\/div>\n<p>[\/et_pb_text][\/et_pb_column][\/et_pb_row][\/et_pb_section]<\/p>\n","protected":false},"excerpt":{"rendered":"<p>Interventions en Institution Initiation \u00e0 l&rsquo;animation de groupes th\u00e9rapeutiques d&rsquo;enfants Le travail th\u00e9rapeutique en groupe replac\u00e9 dans son contexte institutionnel R\u00e9flexion sur les ph\u00e9nom\u00e8nes institutionnels Stages personnels L&rsquo;action th\u00e9rapeutique en groupe Psychoth\u00e9rapies de groupes et psychodrames d&rsquo;enfants Psychoth\u00e9rapies de groupe \u00e0 l&rsquo;adolescence Groupe et troubles du comportement M\u00e9diations et groupes th\u00e9rapeutiques Psychodrame et travail sur [&hellip;]<\/p>\n","protected":false},"author":2,"featured_media":0,"parent":0,"menu_order":0,"comment_status":"closed","ping_status":"closed","template":"","meta":{"_et_pb_use_builder":"on","_et_pb_old_content":"","_et_gb_content_width":"","footnotes":""},"class_list":["post-67","page","type-page","status-publish","hentry"],"_links":{"self":[{"href":"https:\/\/cirppa.org\/index.php\/wp-json\/wp\/v2\/pages\/67","targetHints":{"allow":["GET"]}}],"collection":[{"href":"https:\/\/cirppa.org\/index.php\/wp-json\/wp\/v2\/pages"}],"about":[{"href":"https:\/\/cirppa.org\/index.php\/wp-json\/wp\/v2\/types\/page"}],"author":[{"embeddable":true,"href":"https:\/\/cirppa.org\/index.php\/wp-json\/wp\/v2\/users\/2"}],"replies":[{"embeddable":true,"href":"https:\/\/cirppa.org\/index.php\/wp-json\/wp\/v2\/comments?post=67"}],"version-history":[{"count":10,"href":"https:\/\/cirppa.org\/index.php\/wp-json\/wp\/v2\/pages\/67\/revisions"}],"predecessor-version":[{"id":1294,"href":"https:\/\/cirppa.org\/index.php\/wp-json\/wp\/v2\/pages\/67\/revisions\/1294"}],"wp:attachment":[{"href":"https:\/\/cirppa.org\/index.php\/wp-json\/wp\/v2\/media?parent=67"}],"curies":[{"name":"wp","href":"https:\/\/api.w.org\/{rel}","templated":true}]}}